{"id":3866,"date":"2023-02-04T15:26:02","date_gmt":"2023-02-04T12:26:02","guid":{"rendered":"https:\/\/transfomax3.333studyo.com\/ge\/?page_id=3866"},"modified":"2023-04-25T14:54:26","modified_gmt":"2023-04-25T11:54:26","slug":"oltransformatoren","status":"publish","type":"page","link":"https:\/\/transfomax3.333studyo.com\/ge\/oltransformatoren\/","title":{"rendered":"\u00d6ltransformatoren"},"content":{"rendered":"<section class=\"wpb-content-wrapper\"><p>[vc_row full_width=&#8221;stretch_row_content&#8221; bg_type=&#8221;bg_color&#8221; bg_solid_color=&#8221;#f1f2f2&#8243; el_class=&#8221;deneme&#8221; css=&#8221;.vc_custom_1675512371825{padding-top: 30px !important;padding-bottom: 15px !important;}&#8221;][vc_column width=&#8221;1\/6&#8243; enable_animation=&#8221;enable_animation_value&#8221; animation_style=&#8221;fadeInLeft&#8221; css=&#8221;.vc_custom_1675259840125{padding-top: 50px !important;padding-bottom: 50px !important;}&#8221;][\/vc_column][vc_column width=&#8221;2\/3&#8243;][vc_single_image image=&#8221;3617&#8243; img_size=&#8221;75&#215;75&#8243; alignment=&#8221;center&#8221; css=&#8221;.vc_custom_1675261192488{padding-bottom: 30px !important;}&#8221;][vc_column_text]<\/p>\n<p style=\"text-align: center;\"><strong>Transfomax wurde 2006 in \u015eanl\u0131urfa gegr\u00fcndet, um in den Bereichen Elektrizit\u00e4t, Engineering, Beratung und Contracting t\u00e4tig zu sein.<\/strong><\/p>\n<p style=\"text-align: center;\">W\u00e4hrend es seine Investitionen mit der Philosophie \u201eQualit\u00e4t ist der Schl\u00fcssel zu jeder T\u00fcr\u201c begann, hat es seinen Platz in der Branche in einer professionellen Arbeitslinie unseres Expertenteams eingenommen, das in der Transformatorenherstellung, -wartung und -reparatur zusammengestellt wurde, und unsere F\u00fchrungskr\u00e4fte mit allerlei technischem Equipment.<\/p>\n<p>[\/vc_column_text][\/vc_column][vc_column width=&#8221;1\/6&#8243;][\/vc_column][\/vc_row][vc_row css=&#8221;.vc_custom_1675512383569{padding-top: 30px !important;padding-bottom: 30px !important;}&#8221;][vc_column width=&#8221;1\/2&#8243; enable_animation=&#8221;enable_animation_value&#8221; animation_style=&#8221;fadeInLeft&#8221;][vc_single_image][\/vc_column][vc_column width=&#8221;1\/2&#8243; enable_animation=&#8221;enable_animation_value&#8221; animation_style=&#8221;fadeInRight&#8221;][vc_column_text]W\u00e4hrend sich bei Trockentransformatoren Epoxidharz um die Wicklungen befindet, befinden sich bei \u00d6ltransformatoren die Wicklungen in \u00d6l. \u00d6l-Verteilungstransformatoren sind Transformatoren, die die Eingangs- und Ausgangsspannungen bis zu 36 kV Spannungsebene und 5000 kVa Leistung in gew\u00fcnschten Raten \u00e4ndern und bei denen die K\u00fchlung mit Transformatoren\u00f6l bereitgestellt wird, so dass die w\u00e4hrend des Betriebs entstehende W\u00e4rme mit Transformatoren\u00f6l und abgef\u00fchrt wird die zul\u00e4ssige Betriebstemperatur nicht \u00fcberschreitet.<\/p>\n<p>\u00d6ltransformator ist in sich zweigeteilt; \u00d6ltransformator vom hermetischen Typ, \u00d6ltransformator mit Ausdehnungsgef\u00e4\u00df.<\/p>\n<p>Bei diesen beiden Transformatortypen befinden sich die Wicklungen im \u00d6l.<\/p>\n<p>&#8211; Da der hermetische Transformator klein ist, gibt es kein Ausdehnungsgef\u00e4\u00df und der darin enthaltene Kessel ist mit \u00d6l gef\u00fcllt. Aufgrund seiner geringen Gr\u00f6\u00dfe ist es bequemer, es in kleinen R\u00e4umen zu verwenden.<\/p>\n<p>-Ausdehnungstanktransformatoren sind mit ihrer Kern- und Spulenstruktur die gleichen wie hermetische Transformatoren. Die Dimensionen der Ausdehnungsgef\u00e4\u00dfe dieser Art von Transformatoren werden aufgrund von Berechnungen entworfen und hergestellt, um die Ausdehnung des \u00d6ls zu speichern, dessen Volumen mit der Temperatur zunimmt.[\/vc_column_text][\/vc_column][\/vc_row]<\/p>\n<\/section>","protected":false},"excerpt":{"rendered":"<p>[vc_row full_width=&#8221;stretch_row_content&#8221; bg_type=&#8221;bg_color&#8221; bg_solid_color=&#8221;#f1f2f2&#8243; el_class=&#8221;deneme&#8221; css=&#8221;.vc_custom_1675512371825{padding-top: 30px !important;padding-bottom: 15px !important;}&#8221;][vc_column width=&#8221;1\/6&#8243; enable_animation=&#8221;enable_animation_value&#8221; animation_style=&#8221;fadeInLeft&#8221; css=&#8221;.vc_custom_1675259840125{padding-top: 50px !important;padding-bottom: 50px !important;}&#8221;][\/vc_column][vc_column width=&#8221;2\/3&#8243;][vc_single_image image=&#8221;3617&#8243; img_size=&#8221;75&#215;75&#8243; alignment=&#8221;center&#8221; css=&#8221;.vc_custom_1675261192488{padding-bottom: 30px !important;}&#8221;][vc_column_text] Transfomax wurde 2006 in \u015eanl\u0131urfa gegr\u00fcndet, um in den Bereichen Elektrizit\u00e4t, Engineering, Beratung und Contracting t\u00e4tig zu sein. W\u00e4hrend es seine Investitionen mit der Philosophie \u201eQualit\u00e4t ist der Schl\u00fcssel zu [&hellip;]<\/p>\n","protected":false},"author":1,"featured_media":0,"parent":0,"menu_order":0,"comment_status":"closed","ping_status":"closed","template":"","meta":{"footnotes":""},"class_list":["post-3866","page","type-page","status-publish","hentry"],"_links":{"self":[{"href":"https:\/\/transfomax3.333studyo.com\/ge\/wp-json\/wp\/v2\/pages\/3866","targetHints":{"allow":["GET"]}}],"collection":[{"href":"https:\/\/transfomax3.333studyo.com\/ge\/wp-json\/wp\/v2\/pages"}],"about":[{"href":"https:\/\/transfomax3.333studyo.com\/ge\/wp-json\/wp\/v2\/types\/page"}],"author":[{"embeddable":true,"href":"https:\/\/transfomax3.333studyo.com\/ge\/wp-json\/wp\/v2\/users\/1"}],"replies":[{"embeddable":true,"href":"https:\/\/transfomax3.333studyo.com\/ge\/wp-json\/wp\/v2\/comments?post=3866"}],"version-history":[{"count":12,"href":"https:\/\/transfomax3.333studyo.com\/ge\/wp-json\/wp\/v2\/pages\/3866\/revisions"}],"predecessor-version":[{"id":4129,"href":"https:\/\/transfomax3.333studyo.com\/ge\/wp-json\/wp\/v2\/pages\/3866\/revisions\/4129"}],"wp:attachment":[{"href":"https:\/\/transfomax3.333studyo.com\/ge\/wp-json\/wp\/v2\/media?parent=3866"}],"curies":[{"name":"wp","href":"https:\/\/api.w.org\/{rel}","templated":true}]}}