{"id":3277,"date":"2023-01-27T11:03:03","date_gmt":"2023-01-27T08:03:03","guid":{"rendered":"https:\/\/transfomax3.333studyo.com\/ge\/?page_id=3277"},"modified":"2023-04-25T14:44:23","modified_gmt":"2023-04-25T11:44:23","slug":"leistungs-und-verteilungstransformatoren","status":"publish","type":"page","link":"https:\/\/transfomax3.333studyo.com\/ge\/leistungs-und-verteilungstransformatoren\/","title":{"rendered":"Leistungs- und Verteilungstransformatoren"},"content":{"rendered":"<section class=\"wpb-content-wrapper\"><p>[vc_row full_width=&#8221;stretch_row_content&#8221; bg_type=&#8221;bg_color&#8221; bg_solid_color=&#8221;#f1f2f2&#8243; el_class=&#8221;deneme&#8221; css=&#8221;.vc_custom_1675512371825{padding-top: 30px !important;padding-bottom: 15px !important;}&#8221;][vc_column width=&#8221;1\/6&#8243; enable_animation=&#8221;enable_animation_value&#8221; animation_style=&#8221;fadeInLeft&#8221; css=&#8221;.vc_custom_1675259840125{padding-top: 50px !important;padding-bottom: 50px !important;}&#8221;][\/vc_column][vc_column width=&#8221;2\/3&#8243;][vc_single_image image=&#8221;3617&#8243; img_size=&#8221;75&#215;75&#8243; alignment=&#8221;center&#8221; css=&#8221;.vc_custom_1675261192488{padding-bottom: 30px !important;}&#8221;][vc_column_text]<\/p>\n<p style=\"text-align: center;\"><strong>Transfomax wurde 2006 in \u015eanl\u0131urfa gegr\u00fcndet, um in den Bereichen Elektrizit\u00e4t, Engineering, Beratung und Contracting t\u00e4tig zu sein.<\/strong><\/p>\n<p style=\"text-align: center;\">W\u00e4hrend es seine Investitionen mit der Philosophie \u201eQualit\u00e4t ist der Schl\u00fcssel zu jeder T\u00fcr\u201c begann, hat es seinen Platz in der Branche in einer professionellen Arbeitslinie unseres Expertenteams eingenommen, das in der Transformatorenherstellung, -wartung und -reparatur zusammengestellt wurde, und unsere F\u00fchrungskr\u00e4fte mit allerlei technischem Equipment.<\/p>\n<p>[\/vc_column_text][\/vc_column][vc_column width=&#8221;1\/6&#8243;][\/vc_column][\/vc_row][vc_row css=&#8221;.vc_custom_1675512383569{padding-top: 30px !important;padding-bottom: 30px !important;}&#8221;][vc_column width=&#8221;1\/2&#8243; enable_animation=&#8221;enable_animation_value&#8221; animation_style=&#8221;fadeInLeft&#8221;][vc_single_image][\/vc_column][vc_column width=&#8221;1\/2&#8243; enable_animation=&#8221;enable_animation_value&#8221; animation_style=&#8221;fadeInRight&#8221;][vc_column_text]Drei- und einphasig, \u00f6lig, kann sowohl au\u00dfen als auch innen verwendet werden, bis zu einer Umgebungstemperatur von 50 \u00b0C (In unserer Standardproduktion wird die Umgebungstemperatur mit 40 \u00b0C angenommen). Es stellt Transformatoren her, die f\u00fcr den Dauerbetrieb ausgelegt sind.<\/p>\n<p>25-25000 kVa Leistungsverteilungstransformatoren in unserem Produktionsportfolio haben die gew\u00fcnschte Nennspannung und (ONAN) K\u00fchlsystem. Transformatoren mit normaler Verteilung; Leistungstransformatoren bis 25-25000 kVa Leistung, mit \u00d6lausdehnungsgef\u00e4\u00df und bis 25-25000 kVa Nennleistung befinden sich ebenfalls in unserem Fertigungsbereich als Last- oder Leerlaufstufenschalter.[\/vc_column_text][\/vc_column][\/vc_row]<\/p>\n<\/section>","protected":false},"excerpt":{"rendered":"<p>[vc_row full_width=&#8221;stretch_row_content&#8221; bg_type=&#8221;bg_color&#8221; bg_solid_color=&#8221;#f1f2f2&#8243; el_class=&#8221;deneme&#8221; css=&#8221;.vc_custom_1675512371825{padding-top: 30px !important;padding-bottom: 15px !important;}&#8221;][vc_column width=&#8221;1\/6&#8243; enable_animation=&#8221;enable_animation_value&#8221; animation_style=&#8221;fadeInLeft&#8221; css=&#8221;.vc_custom_1675259840125{padding-top: 50px !important;padding-bottom: 50px !important;}&#8221;][\/vc_column][vc_column width=&#8221;2\/3&#8243;][vc_single_image image=&#8221;3617&#8243; img_size=&#8221;75&#215;75&#8243; alignment=&#8221;center&#8221; css=&#8221;.vc_custom_1675261192488{padding-bottom: 30px !important;}&#8221;][vc_column_text] Transfomax wurde 2006 in \u015eanl\u0131urfa gegr\u00fcndet, um in den Bereichen Elektrizit\u00e4t, Engineering, Beratung und Contracting t\u00e4tig zu sein. W\u00e4hrend es seine Investitionen mit der Philosophie \u201eQualit\u00e4t ist der Schl\u00fcssel zu [&hellip;]<\/p>\n","protected":false},"author":1,"featured_media":0,"parent":0,"menu_order":0,"comment_status":"closed","ping_status":"closed","template":"","meta":{"footnotes":""},"class_list":["post-3277","page","type-page","status-publish","hentry"],"_links":{"self":[{"href":"https:\/\/transfomax3.333studyo.com\/ge\/wp-json\/wp\/v2\/pages\/3277","targetHints":{"allow":["GET"]}}],"collection":[{"href":"https:\/\/transfomax3.333studyo.com\/ge\/wp-json\/wp\/v2\/pages"}],"about":[{"href":"https:\/\/transfomax3.333studyo.com\/ge\/wp-json\/wp\/v2\/types\/page"}],"author":[{"embeddable":true,"href":"https:\/\/transfomax3.333studyo.com\/ge\/wp-json\/wp\/v2\/users\/1"}],"replies":[{"embeddable":true,"href":"https:\/\/transfomax3.333studyo.com\/ge\/wp-json\/wp\/v2\/comments?post=3277"}],"version-history":[{"count":26,"href":"https:\/\/transfomax3.333studyo.com\/ge\/wp-json\/wp\/v2\/pages\/3277\/revisions"}],"predecessor-version":[{"id":4122,"href":"https:\/\/transfomax3.333studyo.com\/ge\/wp-json\/wp\/v2\/pages\/3277\/revisions\/4122"}],"wp:attachment":[{"href":"https:\/\/transfomax3.333studyo.com\/ge\/wp-json\/wp\/v2\/media?parent=3277"}],"curies":[{"name":"wp","href":"https:\/\/api.w.org\/{rel}","templated":true}]}}