{"id":3266,"date":"2023-01-27T10:54:49","date_gmt":"2023-01-27T07:54:49","guid":{"rendered":"https:\/\/transfomax3.333studyo.com\/ge\/?page_id=3266"},"modified":"2023-04-25T14:38:47","modified_gmt":"2023-04-25T11:38:47","slug":"test-und-labor","status":"publish","type":"page","link":"https:\/\/transfomax3.333studyo.com\/ge\/test-und-labor\/","title":{"rendered":"Test und Labor"},"content":{"rendered":"<section class=\"wpb-content-wrapper\"><p>[vc_row full_width=&#8221;stretch_row_content&#8221; bg_type=&#8221;bg_color&#8221; bg_solid_color=&#8221;#f5f5f5&#8243; el_class=&#8221;deneme&#8221; css=&#8221;.vc_custom_1675261257589{padding-top: 30px !important;padding-bottom: 15px !important;}&#8221;][vc_column width=&#8221;1\/6&#8243; enable_animation=&#8221;enable_animation_value&#8221; animation_style=&#8221;fadeInLeft&#8221; css=&#8221;.vc_custom_1675259840125{padding-top: 50px !important;padding-bottom: 50px !important;}&#8221;][\/vc_column][vc_column width=&#8221;2\/3&#8243;][vc_single_image image=&#8221;3617&#8243; img_size=&#8221;75&#215;75&#8243; alignment=&#8221;center&#8221; css=&#8221;.vc_custom_1675261192488{padding-bottom: 30px !important;}&#8221;][vc_column_text]<\/p>\n<p style=\"text-align: center;\"><strong>Bei Transfomax f\u00fchren wir mit unseren erfahrenen Teams Labortests in einer Laborumgebung durch.<\/strong><\/p>\n<p style=\"text-align: center;\">W\u00e4hrend es seine Investitionen mit der Philosophie \u201eQualit\u00e4t ist der Schl\u00fcssel zu jeder T\u00fcr\u201c begann, hat es seinen Platz in der Branche in einer professionellen Arbeitslinie unseres Expertenteams eingenommen, das in der Transformatorenherstellung, -wartung und -reparatur zusammengestellt wurde, und unsere F\u00fchrungskr\u00e4fte mit allerlei technischem Equipment.<\/p>\n<p>[\/vc_column_text][\/vc_column][vc_column width=&#8221;1\/6&#8243;][\/vc_column][\/vc_row][vc_row css=&#8221;.vc_custom_1675511026448{padding-top: 30px !important;padding-bottom: 30px !important;}&#8221;][vc_column width=&#8221;1\/2&#8243; enable_animation=&#8221;enable_animation_value&#8221; animation_style=&#8221;fadeInLeft&#8221; css=&#8221;.vc_custom_1675512489399{padding-top: 125px !important;}&#8221;][vc_column_text]Jeder produzierte Transformator wird mit den in TS 267, IEC 60076 vorgesehenen Routinepr\u00fcfungen ausgeliefert. Auch hier werden die in den gleichen Normen vorgeschriebenen Typpr\u00fcfungen und Sonderpr\u00fcfungen (mit Ausnahme der Kurzschluss-Dauerpr\u00fcfung) auf Wunsch in unseren eigenen Labors durchgef\u00fchrt. In unserem Labor gibt es ein Chemielabor f\u00fcr Experimente mit Transformatorisolations\u00f6len und Gasanalysen sowie ein Labor f\u00fcr MV-Schaltprodukte f\u00fcr die Ausr\u00fcstung von Transformatorenzentralen.[\/vc_column_text][\/vc_column][vc_column width=&#8221;1\/2&#8243; enable_animation=&#8221;enable_animation_value&#8221; animation_style=&#8221;fadeInRight&#8221;][vc_single_image image=&#8221;3864&#8243; img_size=&#8221;full&#8221;][\/vc_column][\/vc_row]<\/p>\n<\/section>","protected":false},"excerpt":{"rendered":"<p>[vc_row full_width=&#8221;stretch_row_content&#8221; bg_type=&#8221;bg_color&#8221; bg_solid_color=&#8221;#f5f5f5&#8243; el_class=&#8221;deneme&#8221; css=&#8221;.vc_custom_1675261257589{padding-top: 30px !important;padding-bottom: 15px !important;}&#8221;][vc_column width=&#8221;1\/6&#8243; enable_animation=&#8221;enable_animation_value&#8221; animation_style=&#8221;fadeInLeft&#8221; css=&#8221;.vc_custom_1675259840125{padding-top: 50px !important;padding-bottom: 50px !important;}&#8221;][\/vc_column][vc_column width=&#8221;2\/3&#8243;][vc_single_image image=&#8221;3617&#8243; img_size=&#8221;75&#215;75&#8243; alignment=&#8221;center&#8221; css=&#8221;.vc_custom_1675261192488{padding-bottom: 30px !important;}&#8221;][vc_column_text] Bei Transfomax f\u00fchren wir mit unseren erfahrenen Teams Labortests in einer Laborumgebung durch. W\u00e4hrend es seine Investitionen mit der Philosophie \u201eQualit\u00e4t ist der Schl\u00fcssel zu jeder T\u00fcr\u201c begann, hat es [&hellip;]<\/p>\n","protected":false},"author":1,"featured_media":0,"parent":0,"menu_order":0,"comment_status":"closed","ping_status":"closed","template":"","meta":{"footnotes":""},"class_list":["post-3266","page","type-page","status-publish","hentry"],"_links":{"self":[{"href":"https:\/\/transfomax3.333studyo.com\/ge\/wp-json\/wp\/v2\/pages\/3266","targetHints":{"allow":["GET"]}}],"collection":[{"href":"https:\/\/transfomax3.333studyo.com\/ge\/wp-json\/wp\/v2\/pages"}],"about":[{"href":"https:\/\/transfomax3.333studyo.com\/ge\/wp-json\/wp\/v2\/types\/page"}],"author":[{"embeddable":true,"href":"https:\/\/transfomax3.333studyo.com\/ge\/wp-json\/wp\/v2\/users\/1"}],"replies":[{"embeddable":true,"href":"https:\/\/transfomax3.333studyo.com\/ge\/wp-json\/wp\/v2\/comments?post=3266"}],"version-history":[{"count":17,"href":"https:\/\/transfomax3.333studyo.com\/ge\/wp-json\/wp\/v2\/pages\/3266\/revisions"}],"predecessor-version":[{"id":4121,"href":"https:\/\/transfomax3.333studyo.com\/ge\/wp-json\/wp\/v2\/pages\/3266\/revisions\/4121"}],"wp:attachment":[{"href":"https:\/\/transfomax3.333studyo.com\/ge\/wp-json\/wp\/v2\/media?parent=3266"}],"curies":[{"name":"wp","href":"https:\/\/api.w.org\/{rel}","templated":true}]}}