{"id":3262,"date":"2023-01-27T10:52:46","date_gmt":"2023-01-27T07:52:46","guid":{"rendered":"https:\/\/transfomax3.333studyo.com\/ge\/?page_id=3262"},"modified":"2023-04-25T14:33:39","modified_gmt":"2023-04-25T11:33:39","slug":"umwelt-arbeitssicherheit","status":"publish","type":"page","link":"https:\/\/transfomax3.333studyo.com\/ge\/umwelt-arbeitssicherheit\/","title":{"rendered":"Umwelt Arbeitssicherheit"},"content":{"rendered":"<section class=\"wpb-content-wrapper\"><p>[vc_row full_width=&#8221;stretch_row_content&#8221; bg_type=&#8221;bg_color&#8221; bg_solid_color=&#8221;#f1f2f2&#8243; el_class=&#8221;deneme&#8221; css=&#8221;.vc_custom_1675508674339{padding-top: 30px !important;padding-bottom: 15px !important;}&#8221;][vc_column width=&#8221;1\/6&#8243; enable_animation=&#8221;enable_animation_value&#8221; animation_style=&#8221;fadeInLeft&#8221; css=&#8221;.vc_custom_1675259840125{padding-top: 50px !important;padding-bottom: 50px !important;}&#8221;][\/vc_column][vc_column width=&#8221;2\/3&#8243;][vc_single_image image=&#8221;3617&#8243; img_size=&#8221;75&#215;75&#8243; alignment=&#8221;center&#8221; css=&#8221;.vc_custom_1675261192488{padding-bottom: 30px !important;}&#8221;][vc_column_text]<\/p>\n<p style=\"text-align: center;\"><strong>Als Transfomax tun wir unser Bestes, um unsere Welt zu sch\u00fctzen, die wir von zuk\u00fcnftigen Generationen erben werden.<\/strong><\/p>\n<p style=\"text-align: center;\">Wir lagern alle Arten von gef\u00e4hrlichen und nicht gef\u00e4hrlichen Abf\u00e4llen aus unserer Anlage umweltschonend im Rahmen der Vorschriften des Ministeriums f\u00fcr Umwelt und Urbanisierung. Wir transportieren und entsorgen es \u00fcber lizenzierte Organisationen. Wir zersetzen wiederverwertbare Abf\u00e4lle an der Quelle und f\u00fchren sie der Produktion wieder zu.<\/p>\n<p>[\/vc_column_text][\/vc_column][vc_column width=&#8221;1\/6&#8243;][\/vc_column][\/vc_row][vc_row css=&#8221;.vc_custom_1675508774899{padding-top: 30px !important;padding-bottom: 30px !important;}&#8221;][vc_column width=&#8221;1\/2&#8243; enable_animation=&#8221;enable_animation_value&#8221; animation_style=&#8221;fadeInLeft&#8221;][vc_column_text]Im Einklang mit unserer Philosophie der sauberen und umweltfreundlichen Energieerzeugung ist es unser Grundprinzip, die Umwelt zu sch\u00fctzen und sicherzustellen, dass alle, die bei uns arbeiten, in einer sicheren und gesunden Umgebung arbeiten.<\/p>\n<p>Die Politik des Schutzes und der kontinuierlichen Verbesserung des Gesundheitszustands der Mitarbeiter, die ein wichtiges Gewicht der Mission und Vision von Transfomax darstellt, spiegelte sich in den ersten Studien und der Praxis wider, und nach den erzielten positiven Ergebnissen wurde beschlossen, den Arbeitsschutz einzustellen Studien in eine bestimmte Systematik.<\/p>\n<p>Transfomax bewertet die Interaktion mit der Umwelt von der Entwicklung \u00fcber die Produktion bis hin zur Lieferung aller seiner Dienstleistungen und Produkte an den Kunden und ist bestrebt, die negativen Auswirkungen auf die Umwelt zu minimieren.[\/vc_column_text][\/vc_column][vc_column width=&#8221;1\/2&#8243; enable_animation=&#8221;enable_animation_value&#8221; animation_style=&#8221;fadeInRight&#8221;][vc_single_image image=&#8221;3555&#8243; img_size=&#8221;full&#8221;][\/vc_column][\/vc_row][vc_row full_width=&#8221;stretch_row_content&#8221; bg_type=&#8221;bg_color&#8221; bg_solid_color=&#8221;#014894&#8243; css=&#8221;.vc_custom_1675509071711{padding-top: 50px !important;padding-bottom: 50px !important;}&#8221;][vc_column width=&#8221;1\/4&#8243;][\/vc_column][vc_column width=&#8221;1\/2&#8243;][vc_column_text]<\/p>\n<p style=\"text-align: center;\"><span style=\"color: #ffffff;\">Wir sind bestrebt, alle unsere Verpflichtungen zum Schutz der Welt zu erf\u00fcllen, die wir zuk\u00fcnftigen Generationen anvertraut haben.<\/span><\/p>\n<p style=\"text-align: center;\"><span style=\"color: #ffffff;\">Wir lagern die Abf\u00e4lle unseres Unternehmens umweltschonend im Rahmen der Vorschriften des Ministeriums f\u00fcr Umwelt, Urbanisierung und Klimawandel.<\/span><\/p>\n<p>[\/vc_column_text][\/vc_column][vc_column width=&#8221;1\/4&#8243;][\/vc_column][\/vc_row]<\/p>\n<\/section>","protected":false},"excerpt":{"rendered":"<p>[vc_row full_width=&#8221;stretch_row_content&#8221; bg_type=&#8221;bg_color&#8221; bg_solid_color=&#8221;#f1f2f2&#8243; el_class=&#8221;deneme&#8221; css=&#8221;.vc_custom_1675508674339{padding-top: 30px !important;padding-bottom: 15px !important;}&#8221;][vc_column width=&#8221;1\/6&#8243; enable_animation=&#8221;enable_animation_value&#8221; animation_style=&#8221;fadeInLeft&#8221; css=&#8221;.vc_custom_1675259840125{padding-top: 50px !important;padding-bottom: 50px !important;}&#8221;][\/vc_column][vc_column width=&#8221;2\/3&#8243;][vc_single_image image=&#8221;3617&#8243; img_size=&#8221;75&#215;75&#8243; alignment=&#8221;center&#8221; css=&#8221;.vc_custom_1675261192488{padding-bottom: 30px !important;}&#8221;][vc_column_text] Als Transfomax tun wir unser Bestes, um unsere Welt zu sch\u00fctzen, die wir von zuk\u00fcnftigen Generationen erben werden. Wir lagern alle Arten von gef\u00e4hrlichen und nicht gef\u00e4hrlichen Abf\u00e4llen aus unserer [&hellip;]<\/p>\n","protected":false},"author":1,"featured_media":0,"parent":0,"menu_order":0,"comment_status":"closed","ping_status":"closed","template":"","meta":{"footnotes":""},"class_list":["post-3262","page","type-page","status-publish","hentry"],"_links":{"self":[{"href":"https:\/\/transfomax3.333studyo.com\/ge\/wp-json\/wp\/v2\/pages\/3262","targetHints":{"allow":["GET"]}}],"collection":[{"href":"https:\/\/transfomax3.333studyo.com\/ge\/wp-json\/wp\/v2\/pages"}],"about":[{"href":"https:\/\/transfomax3.333studyo.com\/ge\/wp-json\/wp\/v2\/types\/page"}],"author":[{"embeddable":true,"href":"https:\/\/transfomax3.333studyo.com\/ge\/wp-json\/wp\/v2\/users\/1"}],"replies":[{"embeddable":true,"href":"https:\/\/transfomax3.333studyo.com\/ge\/wp-json\/wp\/v2\/comments?post=3262"}],"version-history":[{"count":24,"href":"https:\/\/transfomax3.333studyo.com\/ge\/wp-json\/wp\/v2\/pages\/3262\/revisions"}],"predecessor-version":[{"id":4117,"href":"https:\/\/transfomax3.333studyo.com\/ge\/wp-json\/wp\/v2\/pages\/3262\/revisions\/4117"}],"wp:attachment":[{"href":"https:\/\/transfomax3.333studyo.com\/ge\/wp-json\/wp\/v2\/media?parent=3262"}],"curies":[{"name":"wp","href":"https:\/\/api.w.org\/{rel}","templated":true}]}}