{"id":3260,"date":"2023-01-27T10:49:59","date_gmt":"2023-01-27T07:49:59","guid":{"rendered":"https:\/\/transfomax3.333studyo.com\/ge\/?page_id=3260"},"modified":"2023-04-25T14:30:44","modified_gmt":"2023-04-25T11:30:44","slug":"qualitatsrichtlinie","status":"publish","type":"page","link":"https:\/\/transfomax3.333studyo.com\/ge\/qualitatsrichtlinie\/","title":{"rendered":"Qualit\u00e4tsrichtlinie"},"content":{"rendered":"<section class=\"wpb-content-wrapper\"><p>[vc_row full_width=&#8221;stretch_row_content&#8221; bg_type=&#8221;bg_color&#8221; bg_solid_color=&#8221;#f5f5f5&#8243; el_class=&#8221;deneme&#8221; css=&#8221;.vc_custom_1675261257589{padding-top: 30px !important;padding-bottom: 15px !important;}&#8221;][vc_column width=&#8221;1\/6&#8243; enable_animation=&#8221;enable_animation_value&#8221; animation_style=&#8221;fadeInLeft&#8221; css=&#8221;.vc_custom_1675259840125{padding-top: 50px !important;padding-bottom: 50px !important;}&#8221;][\/vc_column][vc_column width=&#8221;2\/3&#8243;][vc_single_image image=&#8221;3617&#8243; img_size=&#8221;75&#215;75&#8243; alignment=&#8221;center&#8221; css=&#8221;.vc_custom_1675261192488{padding-bottom: 30px !important;}&#8221;][vc_column_text]<\/p>\n<p style=\"text-align: center;\"><strong>In unserem Unternehmen wurde ein Qualit\u00e4tsmanagementsystem gem\u00e4\u00df der Norm TS EN ISO 9001:2015 eingef\u00fchrt, und die von der Norm vorgeschriebenen Dokumente wurden ver\u00f6ffentlicht und in die Praxis umgesetzt.<\/strong><\/p>\n<p style=\"text-align: center;\">Es ist f\u00fcr alle Mitarbeiter verpflichtend, diese Dokumente zu lernen und sie gem\u00e4\u00df den Verfahren und Grunds\u00e4tzen auszuf\u00fchren.<\/p>\n<p>[\/vc_column_text][\/vc_column][vc_column width=&#8221;1\/6&#8243;][\/vc_column][\/vc_row][vc_row css=&#8221;.vc_custom_1675508482220{padding-top: 30px !important;}&#8221;][vc_column enable_animation=&#8221;enable_animation_value&#8221; animation_style=&#8221;fadeInLeft&#8221;][vc_single_image image=&#8221;3810&#8243; img_size=&#8221;full&#8221;][\/vc_column][\/vc_row][vc_row css=&#8221;.vc_custom_1675254064940{padding-top: 20px !important;}&#8221;][vc_column enable_animation=&#8221;enable_animation_value&#8221; animation_style=&#8221;fadeInLeft&#8221;][vc_column_text]<\/p>\n<p style=\"text-align: center;\"><strong>Trafomaks Transformator San. ve Tic. GmbH. Sti. als unsere Qualit\u00e4tspolitik; Fachliche und technische Anwendungen f\u00fcr den Transformatorenbau unter Erf\u00fcllung der Anforderungen des Qualit\u00e4tsmanagementsystems darzustellen und mit unserem durch Schulungen ausgebildeten Fachpersonal zeitgerecht, fehlerfrei und zuverl\u00e4ssig darzustellen.<\/strong><\/p>\n<p>[\/vc_column_text][\/vc_column][\/vc_row][vc_row][vc_column width=&#8221;1\/2&#8243; enable_animation=&#8221;enable_animation_value&#8221; animation_style=&#8221;fadeInLeft&#8221; el_id=&#8221;sagborder&#8221; el_class=&#8221;sagborder&#8221;][vc_column_text]Ziel ist es, durch die Zusammenarbeit mit Kunden alle notwendigen Ma\u00dfnahmen zu ergreifen, um Kundenbeschwerden vorzubeugen, Kundenerwartungen zu erf\u00fcllen und die Kundenzufriedenheit zu steigern. Unparteilichkeit, Unabh\u00e4ngigkeit, Ehrlichkeit, Vertraulichkeit, Zuverl\u00e4ssigkeit und Qualit\u00e4t sind die Grundprinzipien unseres Unternehmens.<\/p>\n<p>Trafomaks Transformator San. ve Tic. GmbH. Sti. als unsere Qualit\u00e4tspolitik; Fachliche und technische Anwendungen f\u00fcr den Transformatorenbau unter Erf\u00fcllung der Anforderungen des Qualit\u00e4tsmanagementsystems darzustellen und mit unserem durch Schulungen ausgebildeten Fachpersonal zeitgerecht, fehlerfrei und zuverl\u00e4ssig darzustellen.<\/p>\n<p>In unserem Unternehmen wurde ein Qualit\u00e4tsmanagementsystem gem\u00e4\u00df der Norm TS EN ISO 9001:2015 eingef\u00fchrt, und die von der Norm vorgeschriebenen Dokumente wurden ver\u00f6ffentlicht und in die Praxis umgesetzt. Es ist f\u00fcr alle Mitarbeiter verpflichtend, diese Dokumente zu lernen und sie gem\u00e4\u00df den Verfahren und Grunds\u00e4tzen auszuf\u00fchren.[\/vc_column_text][\/vc_column][vc_column width=&#8221;1\/2&#8243; enable_animation=&#8221;enable_animation_value&#8221; animation_style=&#8221;fadeInRight&#8221;][vc_column_text]Ziel ist es, durch die Zusammenarbeit mit Kunden alle notwendigen Ma\u00dfnahmen zu ergreifen, um Kundenbeschwerden vorzubeugen, Kundenerwartungen zu erf\u00fcllen und die Kundenzufriedenheit zu steigern. Unparteilichkeit, Unabh\u00e4ngigkeit, Ehrlichkeit, Vertraulichkeit, Zuverl\u00e4ssigkeit und Qualit\u00e4t sind die Grundprinzipien unseres Unternehmens.<\/p>\n<p>Trafomaks Transformator San. Handeln GmbH. Sti als Top-Management; Wir verpflichten uns, das Qualit\u00e4tsmanagementsystem gem\u00e4\u00df der Norm TS EN ISO 9001:2015, den Kundenanforderungen und den gesetzlichen Anforderungen mit dem Beitrag aller Mitarbeiter zu implementieren und kontinuierlich zu verbessern.<\/p>\n<p>Wir sichern den Beitrag unserer Mitarbeiter, sichern ihre Arbeitspl\u00e4tze und sorgen f\u00fcr eine kontinuierliche Entwicklung, w\u00e4hrend wir eine effiziente Produktion gem\u00e4\u00df den Arbeitssicherheitsvorschriften, umweltbewusst, qualit\u00e4tsbewusst, gem\u00e4\u00df den Erwartungen unserer Kunden und gem\u00e4\u00df unseren Verpflichtungen produzieren .[\/vc_column_text][\/vc_column][\/vc_row]<\/p>\n<\/section>","protected":false},"excerpt":{"rendered":"<p>[vc_row full_width=&#8221;stretch_row_content&#8221; bg_type=&#8221;bg_color&#8221; bg_solid_color=&#8221;#f5f5f5&#8243; el_class=&#8221;deneme&#8221; css=&#8221;.vc_custom_1675261257589{padding-top: 30px !important;padding-bottom: 15px !important;}&#8221;][vc_column width=&#8221;1\/6&#8243; enable_animation=&#8221;enable_animation_value&#8221; animation_style=&#8221;fadeInLeft&#8221; css=&#8221;.vc_custom_1675259840125{padding-top: 50px !important;padding-bottom: 50px !important;}&#8221;][\/vc_column][vc_column width=&#8221;2\/3&#8243;][vc_single_image image=&#8221;3617&#8243; img_size=&#8221;75&#215;75&#8243; alignment=&#8221;center&#8221; css=&#8221;.vc_custom_1675261192488{padding-bottom: 30px !important;}&#8221;][vc_column_text] In unserem Unternehmen wurde ein Qualit\u00e4tsmanagementsystem gem\u00e4\u00df der Norm TS EN ISO 9001:2015 eingef\u00fchrt, und die von der Norm vorgeschriebenen Dokumente wurden ver\u00f6ffentlicht und in die Praxis umgesetzt. Es ist [&hellip;]<\/p>\n","protected":false},"author":1,"featured_media":0,"parent":0,"menu_order":0,"comment_status":"closed","ping_status":"closed","template":"","meta":{"footnotes":""},"class_list":["post-3260","page","type-page","status-publish","hentry"],"_links":{"self":[{"href":"https:\/\/transfomax3.333studyo.com\/ge\/wp-json\/wp\/v2\/pages\/3260","targetHints":{"allow":["GET"]}}],"collection":[{"href":"https:\/\/transfomax3.333studyo.com\/ge\/wp-json\/wp\/v2\/pages"}],"about":[{"href":"https:\/\/transfomax3.333studyo.com\/ge\/wp-json\/wp\/v2\/types\/page"}],"author":[{"embeddable":true,"href":"https:\/\/transfomax3.333studyo.com\/ge\/wp-json\/wp\/v2\/users\/1"}],"replies":[{"embeddable":true,"href":"https:\/\/transfomax3.333studyo.com\/ge\/wp-json\/wp\/v2\/comments?post=3260"}],"version-history":[{"count":17,"href":"https:\/\/transfomax3.333studyo.com\/ge\/wp-json\/wp\/v2\/pages\/3260\/revisions"}],"predecessor-version":[{"id":4115,"href":"https:\/\/transfomax3.333studyo.com\/ge\/wp-json\/wp\/v2\/pages\/3260\/revisions\/4115"}],"wp:attachment":[{"href":"https:\/\/transfomax3.333studyo.com\/ge\/wp-json\/wp\/v2\/media?parent=3260"}],"curies":[{"name":"wp","href":"https:\/\/api.w.org\/{rel}","templated":true}]}}