{"id":3258,"date":"2023-01-27T10:47:47","date_gmt":"2023-01-27T07:47:47","guid":{"rendered":"https:\/\/transfomax3.333studyo.com\/ge\/?page_id=3258"},"modified":"2023-04-25T14:20:51","modified_gmt":"2023-04-25T11:20:51","slug":"nachhaltigkeit","status":"publish","type":"page","link":"https:\/\/transfomax3.333studyo.com\/ge\/nachhaltigkeit\/","title":{"rendered":"Nachhaltigkeit"},"content":{"rendered":"<section class=\"wpb-content-wrapper\"><p>[vc_row full_width=&#8221;stretch_row_content&#8221; bg_type=&#8221;bg_color&#8221; bg_solid_color=&#8221;#f1f2f2&#8243; el_class=&#8221;deneme&#8221; css=&#8221;.vc_custom_1675493228910{padding-top: 30px !important;padding-bottom: 15px !important;}&#8221;][vc_column width=&#8221;1\/6&#8243; enable_animation=&#8221;enable_animation_value&#8221; animation_style=&#8221;fadeInLeft&#8221; css=&#8221;.vc_custom_1675259840125{padding-top: 50px !important;padding-bottom: 50px !important;}&#8221;][\/vc_column][vc_column width=&#8221;2\/3&#8243;][vc_single_image image=&#8221;3617&#8243; img_size=&#8221;75&#215;75&#8243; alignment=&#8221;center&#8221; css=&#8221;.vc_custom_1675261192488{padding-bottom: 30px !important;}&#8221;][vc_column_text]<\/p>\n<p style=\"text-align: center;\"><strong>F\u00fcr eine bessere Welt.<\/strong><\/p>\n<p style=\"text-align: center;\">Als TRANSFOMAX betrachten wir das Konzept der Nachhaltigkeit, das wir \u00f6kologische, soziale und \u00f6konomische Dimensionen zusammen betrachten, als Eckpfeiler unserer Gesch\u00e4ftsprozesse.<\/p>\n<p>[\/vc_column_text][\/vc_column][vc_column width=&#8221;1\/6&#8243;][\/vc_column][\/vc_row][vc_row css=&#8221;.vc_custom_1679567757244{padding-top: 30px !important;padding-bottom: 30px !important;}&#8221;][vc_column width=&#8221;1\/3&#8243; enable_animation=&#8221;enable_animation_value&#8221; animation_style=&#8221;fadeInLeft&#8221;][vc_single_image image=&#8221;3703&#8243; img_size=&#8221;full&#8221;][vc_column_text css=&#8221;.vc_custom_1682421542235{padding-top: 30px !important;}&#8221;]<\/p>\n<p style=\"text-align: center;\"><strong>Umweltsensibilit\u00e4t<\/strong><\/p>\n<p style=\"text-align: center;\">W\u00e4hrend Transfomax seine Investitionen mit der Philosophie \u201eQualit\u00e4t ist der Schl\u00fcssel zu jeder T\u00fcr\u201c begann, hat es seinen Platz innerhalb der professionellen Arbeitslinie in der Branche durch unser Expertenteam eingenommen, das in der Transformatorproduktion, -wartung und -reparatur zusammengestellt wurde, und unsere F\u00fchrungskr\u00e4fte, die \u00fcber allerlei technisches Equipment verf\u00fcgen.<\/p>\n<p>[\/vc_column_text][\/vc_column][vc_column width=&#8221;1\/3&#8243; enable_animation=&#8221;enable_animation_value&#8221; animation_style=&#8221;fadeIn&#8221;][vc_single_image image=&#8221;3704&#8243; img_size=&#8221;full&#8221;][vc_column_text css=&#8221;.vc_custom_1682421567040{padding-top: 30px !important;}&#8221;]<\/p>\n<p style=\"text-align: center;\"><strong>Mensch und Gesellschaft<\/strong><\/p>\n<p style=\"text-align: center;\">Eine bewusstere Gesellschaft bringt eine gr\u00fcnere Zukunft. Die Gesellschaft soll f\u00fcr eine nachhaltige Zukunft sensibilisiert werden. Die F&amp;E-Studien zu umweltfreundlichen Technologien und die Investitionen in erneuerbare Energien, die wir t\u00e4tigen, um den Energiebedarf unserer Fabrik zu decken, sind ein gutes Beispiel daf\u00fcr, wie Transfomax seine Nachhaltigkeitsphilosophie in seinen Gesch\u00e4ftsstrategien widerspiegelt.<\/p>\n<p>[\/vc_column_text][\/vc_column][vc_column width=&#8221;1\/3&#8243; enable_animation=&#8221;enable_animation_value&#8221; animation_style=&#8221;fadeInRight&#8221;][vc_single_image image=&#8221;3706&#8243; img_size=&#8221;full&#8221;][vc_column_text css=&#8221;.vc_custom_1682421594168{padding-top: 30px !important;}&#8221;]<\/p>\n<p style=\"text-align: center;\"><strong>Unternehmerische Verantwortung<\/strong><\/p>\n<p style=\"text-align: center;\">Verantwortung oder Verantwortungsbewusstsein bedeutet, seine Pflichten zu kennen und die Konsequenzen zu tragen, indem man versucht, sie zu erf\u00fcllen. Nachhaltigkeit ist; ist die Erhaltung der Verantwortungsf\u00e4higkeit, um die Kontinuit\u00e4t von Produktivit\u00e4t und Effizienz zu gew\u00e4hrleisten. Also kurz gesagt; Um auf die Bed\u00fcrfnisse von heute zu reagieren, ohne zuk\u00fcnftigen Generationen zu schaden Wir gestalten unsere Zukunft, indem wir sensibel f\u00fcr \u00f6kologische und soziale Projekte sind.<\/p>\n<p>[\/vc_column_text][\/vc_column][\/vc_row][vc_row full_width=&#8221;stretch_row_content&#8221; bg_type=&#8221;image&#8221; bg_image_new=&#8221;3622&#8243; bg_image_repeat=&#8221;no-repeat&#8221; css=&#8221;.vc_custom_1679567747138{padding-top: 50px !important;padding-bottom: 30px !important;}&#8221;][vc_column width=&#8221;1\/4&#8243; enable_animation=&#8221;enable_animation_value&#8221; animation_style=&#8221;fadeInLeft&#8221;][\/vc_column][vc_column width=&#8221;1\/2&#8243;][vc_row_inner][vc_column_inner][vc_column_text]<\/p>\n<h4 style=\"text-align: center;\"><span style=\"color: #ffffff;\">Nachhaltige Energie ist sehr wichtig f\u00fcr die Zukunft unserer Welt. An diesem Punkt konzentriert sich unser Unternehmen auf F&amp;E-Studien, um in diesem Rahmen Ma\u00dfnahmen zu ergreifen und L\u00f6sungen zu entwickeln. F\u00fcr eine lebenswerte Welt gestaltet TRANSFOMAX\u00ae sein \u00d6kosystem entsprechend, indem es die \u00f6kologischen, sozialen und wirtschaftlichen Dimensionen ber\u00fccksichtigt, die darauf fallen.<\/span><\/h4>\n<p>[\/vc_column_text][\/vc_column_inner][\/vc_row_inner][\/vc_column][vc_column width=&#8221;1\/4&#8243;][\/vc_column][\/vc_row][vc_row css=&#8221;.vc_custom_1675499609896{padding-top: 30px !important;padding-bottom: 30px !important;}&#8221;][vc_column el_id=&#8221;sagborder&#8221; el_class=&#8221;sagborder&#8221;][vc_column_text]Integraler Bestandteil der Nachhaltigkeit sind Forschungs- und Innovationsaktivit\u00e4ten. Es zielt darauf ab, eine transformative Agenda f\u00fcr den \u00dcbergang zur gr\u00fcnen Wirtschaft und gr\u00fcnen Gesellschaft zu definieren und umzusetzen und sie nachhaltig zu gestalten. Forschung und Innovation in Europa, offen f\u00fcr weltweite Beteiligung Dar\u00fcber hinaus sollte die Einf\u00fchrung innovativer und nachhaltiger Reise- und Transportl\u00f6sungen in diesem Prozess eine entscheidende Rolle spielen.[\/vc_column_text][\/vc_column][\/vc_row]<\/p>\n<\/section>","protected":false},"excerpt":{"rendered":"<p>[vc_row full_width=&#8221;stretch_row_content&#8221; bg_type=&#8221;bg_color&#8221; bg_solid_color=&#8221;#f1f2f2&#8243; el_class=&#8221;deneme&#8221; css=&#8221;.vc_custom_1675493228910{padding-top: 30px !important;padding-bottom: 15px !important;}&#8221;][vc_column width=&#8221;1\/6&#8243; enable_animation=&#8221;enable_animation_value&#8221; animation_style=&#8221;fadeInLeft&#8221; css=&#8221;.vc_custom_1675259840125{padding-top: 50px !important;padding-bottom: 50px !important;}&#8221;][\/vc_column][vc_column width=&#8221;2\/3&#8243;][vc_single_image image=&#8221;3617&#8243; img_size=&#8221;75&#215;75&#8243; alignment=&#8221;center&#8221; css=&#8221;.vc_custom_1675261192488{padding-bottom: 30px !important;}&#8221;][vc_column_text] F\u00fcr eine bessere Welt. Als TRANSFOMAX betrachten wir das Konzept der Nachhaltigkeit, das wir \u00f6kologische, soziale und \u00f6konomische Dimensionen zusammen betrachten, als Eckpfeiler unserer Gesch\u00e4ftsprozesse. [\/vc_column_text][\/vc_column][vc_column width=&#8221;1\/6&#8243;][\/vc_column][\/vc_row][vc_row css=&#8221;.vc_custom_1679567757244{padding-top: 30px !important;padding-bottom: [&hellip;]<\/p>\n","protected":false},"author":1,"featured_media":0,"parent":0,"menu_order":0,"comment_status":"closed","ping_status":"closed","template":"","meta":{"footnotes":""},"class_list":["post-3258","page","type-page","status-publish","hentry"],"_links":{"self":[{"href":"https:\/\/transfomax3.333studyo.com\/ge\/wp-json\/wp\/v2\/pages\/3258","targetHints":{"allow":["GET"]}}],"collection":[{"href":"https:\/\/transfomax3.333studyo.com\/ge\/wp-json\/wp\/v2\/pages"}],"about":[{"href":"https:\/\/transfomax3.333studyo.com\/ge\/wp-json\/wp\/v2\/types\/page"}],"author":[{"embeddable":true,"href":"https:\/\/transfomax3.333studyo.com\/ge\/wp-json\/wp\/v2\/users\/1"}],"replies":[{"embeddable":true,"href":"https:\/\/transfomax3.333studyo.com\/ge\/wp-json\/wp\/v2\/comments?post=3258"}],"version-history":[{"count":31,"href":"https:\/\/transfomax3.333studyo.com\/ge\/wp-json\/wp\/v2\/pages\/3258\/revisions"}],"predecessor-version":[{"id":4113,"href":"https:\/\/transfomax3.333studyo.com\/ge\/wp-json\/wp\/v2\/pages\/3258\/revisions\/4113"}],"wp:attachment":[{"href":"https:\/\/transfomax3.333studyo.com\/ge\/wp-json\/wp\/v2\/media?parent=3258"}],"curies":[{"name":"wp","href":"https:\/\/api.w.org\/{rel}","templated":true}]}}