{"id":3254,"date":"2023-01-27T10:46:08","date_gmt":"2023-01-27T07:46:08","guid":{"rendered":"https:\/\/transfomax3.333studyo.com\/ge\/?page_id=3254"},"modified":"2023-04-25T14:17:22","modified_gmt":"2023-04-25T11:17:22","slug":"management","status":"publish","type":"page","link":"https:\/\/transfomax3.333studyo.com\/ge\/management\/","title":{"rendered":"Management"},"content":{"rendered":"<section class=\"wpb-content-wrapper\"><p>[vc_row full_width=&#8221;stretch_row_content&#8221; bg_type=&#8221;bg_color&#8221; bg_solid_color=&#8221;#f1f2f2&#8243; el_class=&#8221;deneme&#8221; css=&#8221;.vc_custom_1675503915961{padding-top: 30px !important;padding-bottom: 15px !important;}&#8221;][vc_column width=&#8221;1\/6&#8243; enable_animation=&#8221;enable_animation_value&#8221; animation_style=&#8221;fadeInLeft&#8221; css=&#8221;.vc_custom_1675259840125{padding-top: 50px !important;padding-bottom: 50px !important;}&#8221;][\/vc_column][vc_column width=&#8221;2\/3&#8243;][vc_row_inner][vc_column_inner width=&#8221;1\/2&#8243; css=&#8221;.vc_custom_1682421432350{padding-bottom: 100px !important;}&#8221;][vc_column_text]<\/p>\n<h3 class=\"mb-1\">Mehmet Korkut POLAT<\/h3>\n<h4>Gr\u00fcndungsmanager<\/h4>\n<p>W\u00e4hrend es seine Investitionen mit der Philosophie \u201eQualit\u00e4t ist der Schl\u00fcssel zu jeder T\u00fcr\u201c begann, hat es seinen Platz in der Branche in einer professionellen Arbeitslinie unseres Expertenteams eingenommen, das in der Transformatorenherstellung, -wartung und -reparatur zusammengestellt wurde, und unsere F\u00fchrungskr\u00e4fte mit allerlei technischem Equipment.<\/p>\n<p>TRANSFOMAX\u00ae; Unter dem Titel Trafomaks Transformer Industry and Trade Limited Company produziert es Transformatoren mit Eigenschaften und Bedingungen, die f\u00fcr Kunden- und H\u00e4ndleranforderungen geeignet sind, und setzt seine industriellen und kommerziellen Aktivit\u00e4ten mit seinen H\u00e4ndlern in verschiedenen L\u00e4ndern fort.[\/vc_column_text][\/vc_column_inner][vc_column_inner width=&#8221;1\/2&#8243;][vc_single_image image=&#8221;3791&#8243; img_size=&#8221;full&#8221;][\/vc_column_inner][\/vc_row_inner][\/vc_column][vc_column width=&#8221;1\/6&#8243;][\/vc_column][\/vc_row][vc_row css=&#8221;.vc_custom_1675494817984{padding-top: 30px !important;padding-bottom: 30px !important;}&#8221;][vc_column width=&#8221;1\/2&#8243;][vc_row_inner][vc_column_inner width=&#8221;1\/2&#8243;][vc_single_image image=&#8221;3793&#8243; img_size=&#8221;full&#8221;][\/vc_column_inner][vc_column_inner width=&#8221;1\/2&#8243;][vc_column_text]<\/p>\n<h3 class=\"mb-1\">Mehmet OLAMAZ<\/h3>\n<h4>Produktionsleiter<\/h4>\n<p>Wir wollen die Lebensqualit\u00e4t der Gesellschaft, in der wir leben, steigern und unserer Verantwortung gegen\u00fcber unseren Mitarbeitern und ihren Familien, der lokalen Bev\u00f6lkerung und anderen Interessengruppen gerecht werden, mit unserem Gesch\u00e4ftsansatz, den wir im Rahmen einer effizienten Nutzung von Ressourcen entwickelt haben, proaktives Verst\u00e4ndnis f\u00fcr die Identifizierung von Risiken und Respekt vor der Welt, der Umwelt und den Menschen.[\/vc_column_text][\/vc_column_inner][\/vc_row_inner][\/vc_column][vc_column width=&#8221;1\/2&#8243;][vc_row_inner][vc_column_inner width=&#8221;1\/2&#8243;][vc_single_image image=&#8221;3795&#8243; img_size=&#8221;full&#8221;][\/vc_column_inner][vc_column_inner width=&#8221;1\/2&#8243;][vc_column_text]<\/p>\n<h3 class=\"mb-1\">Mehmet OLAMAZ<\/h3>\n<h4>Produktionsleiter<\/h4>\n<p>Wir wollen die Lebensqualit\u00e4t der Gesellschaft, in der wir leben, steigern und unserer Verantwortung gegen\u00fcber unseren Mitarbeitern und ihren Familien, der lokalen Bev\u00f6lkerung und anderen Interessengruppen gerecht werden, mit unserem Gesch\u00e4ftsansatz, den wir im Rahmen einer effizienten Nutzung von Ressourcen entwickelt haben, proaktives Verst\u00e4ndnis f\u00fcr die Identifizierung von Risiken und Respekt vor der Welt, der Umwelt und den Menschen.[\/vc_column_text][\/vc_column_inner][\/vc_row_inner][\/vc_column][\/vc_row][vc_row css=&#8221;.vc_custom_1675494829967{padding-bottom: 30px !important;}&#8221;][vc_column width=&#8221;1\/2&#8243;][vc_row_inner][vc_column_inner width=&#8221;1\/2&#8243;][vc_single_image image=&#8221;3797&#8243; img_size=&#8221;full&#8221;][\/vc_column_inner][vc_column_inner width=&#8221;1\/2&#8243;][vc_column_text]<\/p>\n<h3 class=\"mb-1\">Mehmet OLAMAZ<\/h3>\n<h4>Produktionsleiter<\/h4>\n<p>Wir wollen die Lebensqualit\u00e4t der Gesellschaft, in der wir leben, steigern und unserer Verantwortung gegen\u00fcber unseren Mitarbeitern und ihren Familien, der lokalen Bev\u00f6lkerung und anderen Interessengruppen gerecht werden, mit unserem Gesch\u00e4ftsansatz, den wir im Rahmen einer effizienten Nutzung von Ressourcen entwickelt haben, proaktives Verst\u00e4ndnis f\u00fcr die Identifizierung von Risiken und Respekt vor der Welt, der Umwelt und den Menschen.[\/vc_column_text][\/vc_column_inner][\/vc_row_inner][\/vc_column][vc_column width=&#8221;1\/2&#8243;][vc_row_inner][vc_column_inner width=&#8221;1\/2&#8243;][vc_single_image image=&#8221;3796&#8243; img_size=&#8221;full&#8221;][\/vc_column_inner][vc_column_inner width=&#8221;1\/2&#8243;][vc_column_text]<\/p>\n<h3 class=\"mb-1\">Mehmet OLAMAZ<\/h3>\n<h4>Produktionsleiter<\/h4>\n<p>Wir wollen die Lebensqualit\u00e4t der Gesellschaft, in der wir leben, steigern und unserer Verantwortung gegen\u00fcber unseren Mitarbeitern und ihren Familien, der lokalen Bev\u00f6lkerung und anderen Interessengruppen gerecht werden, mit unserem Gesch\u00e4ftsansatz, den wir im Rahmen einer effizienten Nutzung von Ressourcen entwickelt haben, proaktives Verst\u00e4ndnis f\u00fcr die Identifizierung von Risiken und Respekt vor der Welt, der Umwelt und den Menschen.[\/vc_column_text][\/vc_column_inner][\/vc_row_inner][\/vc_column][\/vc_row]<\/p>\n<\/section>","protected":false},"excerpt":{"rendered":"<p>[vc_row full_width=&#8221;stretch_row_content&#8221; bg_type=&#8221;bg_color&#8221; bg_solid_color=&#8221;#f1f2f2&#8243; el_class=&#8221;deneme&#8221; css=&#8221;.vc_custom_1675503915961{padding-top: 30px !important;padding-bottom: 15px !important;}&#8221;][vc_column width=&#8221;1\/6&#8243; enable_animation=&#8221;enable_animation_value&#8221; animation_style=&#8221;fadeInLeft&#8221; css=&#8221;.vc_custom_1675259840125{padding-top: 50px !important;padding-bottom: 50px !important;}&#8221;][\/vc_column][vc_column width=&#8221;2\/3&#8243;][vc_row_inner][vc_column_inner width=&#8221;1\/2&#8243; css=&#8221;.vc_custom_1682421432350{padding-bottom: 100px !important;}&#8221;][vc_column_text] Mehmet Korkut POLAT Gr\u00fcndungsmanager W\u00e4hrend es seine Investitionen mit der Philosophie \u201eQualit\u00e4t ist der Schl\u00fcssel zu jeder T\u00fcr\u201c begann, hat es seinen Platz in der Branche in einer professionellen Arbeitslinie unseres Expertenteams [&hellip;]<\/p>\n","protected":false},"author":1,"featured_media":0,"parent":0,"menu_order":0,"comment_status":"closed","ping_status":"closed","template":"","meta":{"footnotes":""},"class_list":["post-3254","page","type-page","status-publish","hentry"],"_links":{"self":[{"href":"https:\/\/transfomax3.333studyo.com\/ge\/wp-json\/wp\/v2\/pages\/3254","targetHints":{"allow":["GET"]}}],"collection":[{"href":"https:\/\/transfomax3.333studyo.com\/ge\/wp-json\/wp\/v2\/pages"}],"about":[{"href":"https:\/\/transfomax3.333studyo.com\/ge\/wp-json\/wp\/v2\/types\/page"}],"author":[{"embeddable":true,"href":"https:\/\/transfomax3.333studyo.com\/ge\/wp-json\/wp\/v2\/users\/1"}],"replies":[{"embeddable":true,"href":"https:\/\/transfomax3.333studyo.com\/ge\/wp-json\/wp\/v2\/comments?post=3254"}],"version-history":[{"count":24,"href":"https:\/\/transfomax3.333studyo.com\/ge\/wp-json\/wp\/v2\/pages\/3254\/revisions"}],"predecessor-version":[{"id":4112,"href":"https:\/\/transfomax3.333studyo.com\/ge\/wp-json\/wp\/v2\/pages\/3254\/revisions\/4112"}],"wp:attachment":[{"href":"https:\/\/transfomax3.333studyo.com\/ge\/wp-json\/wp\/v2\/media?parent=3254"}],"curies":[{"name":"wp","href":"https:\/\/api.w.org\/{rel}","templated":true}]}}