{"id":3252,"date":"2023-01-27T10:44:51","date_gmt":"2023-01-27T07:44:51","guid":{"rendered":"https:\/\/transfomax3.333studyo.com\/ge\/?page_id=3252"},"modified":"2023-04-25T14:09:54","modified_gmt":"2023-04-25T11:09:54","slug":"unsere-werte","status":"publish","type":"page","link":"https:\/\/transfomax3.333studyo.com\/ge\/unsere-werte\/","title":{"rendered":"Unsere Werte"},"content":{"rendered":"<section class=\"wpb-content-wrapper\"><p>[vc_row full_width=&#8221;stretch_row_content&#8221; bg_type=&#8221;bg_color&#8221; bg_solid_color=&#8221;#f1f2f2&#8243; el_class=&#8221;deneme&#8221; css=&#8221;.vc_custom_1675492888389{padding-top: 30px !important;padding-bottom: 15px !important;}&#8221;][vc_column width=&#8221;1\/6&#8243; enable_animation=&#8221;enable_animation_value&#8221; animation_style=&#8221;fadeInLeft&#8221; css=&#8221;.vc_custom_1675259840125{padding-top: 50px !important;padding-bottom: 50px !important;}&#8221;][\/vc_column][vc_column width=&#8221;2\/3&#8243;][vc_single_image image=&#8221;3617&#8243; img_size=&#8221;75&#215;75&#8243; alignment=&#8221;center&#8221; css=&#8221;.vc_custom_1675261192488{padding-bottom: 30px !important;}&#8221;][vc_column_text]<\/p>\n<p style=\"text-align: center;\"><strong>Wir \u00fcbertragen unsere Unternehmenswerte von unseren Top-F\u00fchrungskr\u00e4ften auf alle unsere Mitarbeiter in allen Bereichen und verpflichten uns zu deren Umsetzung.<\/strong><\/p>\n<p style=\"text-align: center;\">\u201eDie Verantwortung f\u00fcr jedes von uns hergestellte Produkt zu sp\u00fcren, indem wir die Technologie genau verfolgen, ohne auf Qualit\u00e4t zu verzichten, und f\u00fcr unsere Verbraucher einen Unterschied machen.<\/p>\n<p>[\/vc_column_text][\/vc_column][vc_column width=&#8221;1\/6&#8243;][\/vc_column][\/vc_row][vc_row][vc_column][vc_column_text]<\/p>\n<h3 style=\"text-align: center;\"><\/h3>\n<p>[\/vc_column_text][\/vc_column][\/vc_row][vc_row][vc_column width=&#8221;1\/3&#8243;][vc_single_image image=&#8221;3846&#8243; img_size=&#8221;full&#8221;][vc_custom_heading text=&#8221;Ehrlichkeit&#8221; font_container=&#8221;tag:h2|text_align:left|color:%23014894&#8243; use_theme_fonts=&#8221;yes&#8221; css=&#8221;.vc_custom_1682420842635{padding-top: 20px !important;padding-bottom: 20px !important;}&#8221;][vc_column_text]Unseren Platz unter den f\u00fchrenden Unternehmen dieser Branche als vertrauensw\u00fcrdige Marke weltweit zu behaupten, indem wir die Erwartungen unserer Kunden mit unserem Qualit\u00e4tsverst\u00e4ndnis, unserer innovativen Struktur und dem Grundsatz der Ehrlichkeit verbinden. Wir \u00fcbertragen unsere Unternehmenswerte von unseren Top-F\u00fchrungskr\u00e4ften auf alle unsere Mitarbeiter in allen Bereichen und verpflichten uns zu deren Umsetzung.[\/vc_column_text][\/vc_column][vc_column width=&#8221;1\/3&#8243;][vc_single_image image=&#8221;3845&#8243; img_size=&#8221;full&#8221;][vc_custom_heading text=&#8221;Entwicklung&#8221; font_container=&#8221;tag:h2|text_align:left|color:%23014894&#8243; use_theme_fonts=&#8221;yes&#8221; css=&#8221;.vc_custom_1682420879137{padding-top: 20px !important;padding-bottom: 20px !important;}&#8221;][vc_column_text]Wir nutzen Ressourcen effizient<\/p>\n<p>Effizienter Einsatz unserer Ressourcen; Wir produzieren schnelle und erfolgreiche L\u00f6sungen, die durch Daten unterst\u00fctzt werden und Mehrwert schaffen.<\/p>\n<p>Wir geben die Entwicklung nie auf<\/p>\n<p>Wir verfolgen Innovationen, h\u00f6ren uns verschiedene Ideen an und halten uns auf dem Laufenden, um uns auf unsere Arbeit zu spezialisieren.<\/p>\n<p>Ehrlicher und ethischer Handel ist unsere Priorit\u00e4t<\/p>\n<p>Angetrieben von offener, ehrlicher Kommunikation und Zusammenarbeit, die Vertrauen in den Kunden schafft; Wir schaffen ein Umfeld des Vertrauens, das die Leistungsf\u00e4higkeit unserer Mitarbeiter steigern kann.[\/vc_column_text][\/vc_column][vc_column width=&#8221;1\/3&#8243;][vc_single_image image=&#8221;3844&#8243; img_size=&#8221;full&#8221;][vc_custom_heading text=&#8221;Energie&#8221; font_container=&#8221;tag:h2|text_align:left|color:%23014894&#8243; use_theme_fonts=&#8221;yes&#8221; css=&#8221;.vc_custom_1682420921322{padding-top: 20px !important;padding-bottom: 20px !important;}&#8221;][vc_column_text]Die Arbeit f\u00fcr eine nachhaltige, flexible und sichere Zukunft im Energiesektor ist unsere Priorit\u00e4t, w\u00e4hrend wir das Energiesystem in Bezug auf Umwelt- und Betriebssicherheit nachhaltiger gestalten, mit Kunden und Partnern kooperieren, Technologien und L\u00f6sungen entwickeln und Feldexpertise nutzen wird bei der Erreichung dieses Ziels eine entscheidende Rolle spielen.<\/p>\n<p>Wir entwickeln das weltweite Energiesystem nachhaltiger, widerstandsf\u00e4higer und sicherer.<\/p>\n<p>Als f\u00fchrender Technologief\u00fchrer arbeiten wir mit unseren Kunden und Partnern zusammen, um eine nachhaltige Energiezukunft f\u00fcr heutige und zuk\u00fcnftige Generationen sicherzustellen.[\/vc_column_text][\/vc_column][\/vc_row]<\/p>\n<\/section>","protected":false},"excerpt":{"rendered":"<p>[vc_row full_width=&#8221;stretch_row_content&#8221; bg_type=&#8221;bg_color&#8221; bg_solid_color=&#8221;#f1f2f2&#8243; el_class=&#8221;deneme&#8221; css=&#8221;.vc_custom_1675492888389{padding-top: 30px !important;padding-bottom: 15px !important;}&#8221;][vc_column width=&#8221;1\/6&#8243; enable_animation=&#8221;enable_animation_value&#8221; animation_style=&#8221;fadeInLeft&#8221; css=&#8221;.vc_custom_1675259840125{padding-top: 50px !important;padding-bottom: 50px !important;}&#8221;][\/vc_column][vc_column width=&#8221;2\/3&#8243;][vc_single_image image=&#8221;3617&#8243; img_size=&#8221;75&#215;75&#8243; alignment=&#8221;center&#8221; css=&#8221;.vc_custom_1675261192488{padding-bottom: 30px !important;}&#8221;][vc_column_text] Wir \u00fcbertragen unsere Unternehmenswerte von unseren Top-F\u00fchrungskr\u00e4ften auf alle unsere Mitarbeiter in allen Bereichen und verpflichten uns zu deren Umsetzung. \u201eDie Verantwortung f\u00fcr jedes von uns hergestellte Produkt zu sp\u00fcren, [&hellip;]<\/p>\n","protected":false},"author":1,"featured_media":0,"parent":0,"menu_order":0,"comment_status":"closed","ping_status":"closed","template":"","meta":{"footnotes":""},"class_list":["post-3252","page","type-page","status-publish","hentry"],"_links":{"self":[{"href":"https:\/\/transfomax3.333studyo.com\/ge\/wp-json\/wp\/v2\/pages\/3252","targetHints":{"allow":["GET"]}}],"collection":[{"href":"https:\/\/transfomax3.333studyo.com\/ge\/wp-json\/wp\/v2\/pages"}],"about":[{"href":"https:\/\/transfomax3.333studyo.com\/ge\/wp-json\/wp\/v2\/types\/page"}],"author":[{"embeddable":true,"href":"https:\/\/transfomax3.333studyo.com\/ge\/wp-json\/wp\/v2\/users\/1"}],"replies":[{"embeddable":true,"href":"https:\/\/transfomax3.333studyo.com\/ge\/wp-json\/wp\/v2\/comments?post=3252"}],"version-history":[{"count":23,"href":"https:\/\/transfomax3.333studyo.com\/ge\/wp-json\/wp\/v2\/pages\/3252\/revisions"}],"predecessor-version":[{"id":4109,"href":"https:\/\/transfomax3.333studyo.com\/ge\/wp-json\/wp\/v2\/pages\/3252\/revisions\/4109"}],"wp:attachment":[{"href":"https:\/\/transfomax3.333studyo.com\/ge\/wp-json\/wp\/v2\/media?parent=3252"}],"curies":[{"name":"wp","href":"https:\/\/api.w.org\/{rel}","templated":true}]}}