{"id":3192,"date":"2023-01-24T14:53:04","date_gmt":"2023-01-24T11:53:04","guid":{"rendered":"https:\/\/transfomax3.333studyo.com\/ge\/?page_id=3192"},"modified":"2023-05-03T16:52:19","modified_gmt":"2023-05-03T13:52:19","slug":"uber-uns","status":"publish","type":"page","link":"https:\/\/transfomax3.333studyo.com\/ge\/uber-uns\/","title":{"rendered":"\u00dcber uns"},"content":{"rendered":"<section class=\"wpb-content-wrapper\"><p>[vc_row full_width=&#8221;stretch_row_content&#8221; bg_type=&#8221;bg_color&#8221; bg_solid_color=&#8221;#f1f2f2&#8243; el_class=&#8221;deneme&#8221; css=&#8221;.vc_custom_1675492796606{padding-top: 30px !important;padding-bottom: 15px !important;}&#8221;][vc_column width=&#8221;1\/6&#8243; enable_animation=&#8221;enable_animation_value&#8221; animation_style=&#8221;fadeInLeft&#8221; css=&#8221;.vc_custom_1675259840125{padding-top: 50px !important;padding-bottom: 50px !important;}&#8221;][\/vc_column][vc_column width=&#8221;2\/3&#8243;][vc_single_image image=&#8221;3617&#8243; img_size=&#8221;75&#215;75&#8243; alignment=&#8221;center&#8221; css=&#8221;.vc_custom_1675261192488{padding-bottom: 30px !important;}&#8221;][vc_column_text]<\/p>\n<p style=\"text-align: center;\"><strong>Transfomax wurde 2006 in \u015eanl\u0131urfa gegr\u00fcndet, um in den Bereichen Elektrizit\u00e4t, Engineering, Beratung und Contracting t\u00e4tig zu sein.<\/strong><\/p>\n<p style=\"text-align: center;\">W\u00e4hrend es seine Investitionen mit der Philosophie \u201eQualit\u00e4t ist der Schl\u00fcssel zu jeder T\u00fcr\u201c begann, hat es seinen Platz in der Branche in einer professionellen Arbeitslinie unseres Expertenteams eingenommen, das in der Transformatorenherstellung, -wartung und -reparatur zusammengestellt wurde, und unsere F\u00fchrungskr\u00e4fte mit allerlei technischem Equipment.<\/p>\n<p>[\/vc_column_text][\/vc_column][vc_column width=&#8221;1\/6&#8243;][\/vc_column][\/vc_row][vc_row css=&#8221;.vc_custom_1675260176131{padding-top: 30px !important;}&#8221;][vc_column width=&#8221;1\/2&#8243; enable_animation=&#8221;enable_animation_value&#8221; animation_style=&#8221;fadeInLeft&#8221;][vc_column_text]<\/p>\n<p>Transfomax wurde 2006 in \u015eanl\u0131urfa gegr\u00fcndet, um in den Bereichen Elektrizit\u00e4t, Engineering, Beratung und Contracting t\u00e4tig zu sein.<\/p>\n<p>W\u00e4hrend es seine Investitionen mit der Philosophie \u201eQualit\u00e4t ist der Schl\u00fcssel zu jeder T\u00fcr\u201c begann, hat es seinen Platz in der Branche in einer professionellen Arbeitslinie unseres Expertenteams eingenommen, das in der Transformatorenherstellung, -wartung und -reparatur zusammengestellt wurde, und unsere F\u00fchrungskr\u00e4fte mit allerlei technischem Equipment.<\/p>\n<p>TRANSFOMAX\u00ae; Unter dem Titel Trafomaks Transformer Industry and Trade Limited Company produziert es Transformatoren mit Eigenschaften und Bedingungen, die f\u00fcr Kunden- und H\u00e4ndleranforderungen geeignet sind, und setzt seine industriellen und kommerziellen Aktivit\u00e4ten mit seinen H\u00e4ndlern in verschiedenen L\u00e4ndern fort.[\/vc_column_text][\/vc_column][vc_column width=&#8221;1\/2&#8243; enable_animation=&#8221;enable_animation_value&#8221; animation_style=&#8221;fadeInRight&#8221;][vc_single_image image=&#8221;4137&#8243; img_size=&#8221;full&#8221;][\/vc_column][\/vc_row][vc_row css=&#8221;.vc_custom_1675151708164{padding-top: 50px !important;padding-bottom: 50px !important;}&#8221;][vc_column width=&#8221;1\/2&#8243; enable_animation=&#8221;enable_animation_value&#8221; animation_style=&#8221;fadeInLeft&#8221;][vc_single_image image=&#8221;4140&#8243; img_size=&#8221;full&#8221;][\/vc_column][vc_column width=&#8221;1\/2&#8243; enable_animation=&#8221;enable_animation_value&#8221; animation_style=&#8221;fadeInRight&#8221;][vc_column_text]<\/p>\n<p style=\"text-align: center;\"><strong>Unser Unternehmen, das mit 100 Prozent inl\u00e4ndischem Kapital gegr\u00fcndet wurde, ist einer der ersten Hersteller von Hochspannungstransformatoren in unserem Land.<\/strong><\/p>\n<p style=\"text-align: center;\">Unser Unternehmen \u2026. Es setzt sich fort in der organisierten Industriezone \u015eanl\u0131urfa mit einer Produktionskapazit\u00e4t von \u2026\u2026 MVA auf einem Quadratmeter Fl\u00e4che und exportiert \u2026 Prozent seiner Produktion in \u2026 Land.<\/p>\n<p style=\"text-align: center;\">TRANSFOMAX\u00ae unternimmt schnelle Schritte in Richtung Globalisierung und beabsichtigt, sein Wissen und seine Erfahrung auf internationale M\u00e4rkte zu bringen, indem es in der kommenden Zeit eine Produktionsst\u00e4tte im Ausland aufbaut.<\/p>\n<p style=\"text-align: center;\">Mit der Bedeutung, die es der akademischen Zusammenarbeit beimisst, und den Ressourcen, die es F&amp;E-Dienstleistungen zuweist, produziert TRANSFOMAX\u00ae weiterhin in einem nachhaltigen umweltbewussten, sozial und sozial verantwortlichen \u00d6kosystem und tr\u00e4gt mit mehr als \u2026 zur Entwicklung des Landes bei.<\/p>\n<p>[\/vc_column_text][\/vc_column][\/vc_row]<\/p>\n<\/section>","protected":false},"excerpt":{"rendered":"<p>[vc_row full_width=&#8221;stretch_row_content&#8221; bg_type=&#8221;bg_color&#8221; bg_solid_color=&#8221;#f1f2f2&#8243; el_class=&#8221;deneme&#8221; css=&#8221;.vc_custom_1675492796606{padding-top: 30px !important;padding-bottom: 15px !important;}&#8221;][vc_column width=&#8221;1\/6&#8243; enable_animation=&#8221;enable_animation_value&#8221; animation_style=&#8221;fadeInLeft&#8221; css=&#8221;.vc_custom_1675259840125{padding-top: 50px !important;padding-bottom: 50px !important;}&#8221;][\/vc_column][vc_column width=&#8221;2\/3&#8243;][vc_single_image image=&#8221;3617&#8243; img_size=&#8221;75&#215;75&#8243; alignment=&#8221;center&#8221; css=&#8221;.vc_custom_1675261192488{padding-bottom: 30px !important;}&#8221;][vc_column_text] Transfomax wurde 2006 in \u015eanl\u0131urfa gegr\u00fcndet, um in den Bereichen Elektrizit\u00e4t, Engineering, Beratung und Contracting t\u00e4tig zu sein. W\u00e4hrend es seine Investitionen mit der Philosophie \u201eQualit\u00e4t ist der Schl\u00fcssel zu [&hellip;]<\/p>\n","protected":false},"author":1,"featured_media":0,"parent":0,"menu_order":0,"comment_status":"closed","ping_status":"closed","template":"","meta":{"footnotes":""},"class_list":["post-3192","page","type-page","status-publish","hentry"],"_links":{"self":[{"href":"https:\/\/transfomax3.333studyo.com\/ge\/wp-json\/wp\/v2\/pages\/3192","targetHints":{"allow":["GET"]}}],"collection":[{"href":"https:\/\/transfomax3.333studyo.com\/ge\/wp-json\/wp\/v2\/pages"}],"about":[{"href":"https:\/\/transfomax3.333studyo.com\/ge\/wp-json\/wp\/v2\/types\/page"}],"author":[{"embeddable":true,"href":"https:\/\/transfomax3.333studyo.com\/ge\/wp-json\/wp\/v2\/users\/1"}],"replies":[{"embeddable":true,"href":"https:\/\/transfomax3.333studyo.com\/ge\/wp-json\/wp\/v2\/comments?post=3192"}],"version-history":[{"count":44,"href":"https:\/\/transfomax3.333studyo.com\/ge\/wp-json\/wp\/v2\/pages\/3192\/revisions"}],"predecessor-version":[{"id":4141,"href":"https:\/\/transfomax3.333studyo.com\/ge\/wp-json\/wp\/v2\/pages\/3192\/revisions\/4141"}],"wp:attachment":[{"href":"https:\/\/transfomax3.333studyo.com\/ge\/wp-json\/wp\/v2\/media?parent=3192"}],"curies":[{"name":"wp","href":"https:\/\/api.w.org\/{rel}","templated":true}]}}