{"id":2867,"date":"2016-02-17T08:07:14","date_gmt":"2016-02-17T08:07:14","guid":{"rendered":"https:\/\/dione.thememove.com\/?page_id=4"},"modified":"2023-04-25T13:27:39","modified_gmt":"2023-04-25T10:27:39","slug":"home-01","status":"publish","type":"page","link":"https:\/\/transfomax3.333studyo.com\/ge\/","title":{"rendered":"Startseite"},"content":{"rendered":"<section class=\"wpb-content-wrapper\"><p>[vc_row full_width=&#8221;stretch_row_content_no_spaces&#8221; seperator_enable=&#8221;seperator_enable_value&#8221; seperator_type=&#8221;xlarge_triangle_seperator&#8221; seperator_position=&#8221;bottom_seperator&#8221; seperator_svg_height=&#8221;320&#8243; seperator_svg_bottom=&#8221;-120px&#8221; icon_type=&#8221;selector&#8221; icon=&#8221;none&#8221; css=&#8221;.vc_custom_1675264304299{margin-bottom: 0px !important;padding-top: 0px !important;padding-right: 0px !important;padding-bottom: 0px !important;padding-left: 0px !important;background-position: center !important;background-repeat: no-repeat !important;background-size: cover !important;}&#8221;][vc_column css=&#8221;.vc_custom_1677233603530{padding-top: 0px !important;padding-right: 0px !important;padding-bottom: 0px !important;padding-left: 0px !important;}&#8221;][vc_column_text css=&#8221;.vc_custom_1677666156198{padding-top: 150px !important;}&#8221;]         <style>\n             #player69ff1cf9aa742.h5vp_player { width: ; border-radius: ; overflow: hidden; }        <\/style>\n        <div id=\"h5vp_player\">\n            <div data-unique-id=\"69ff1cf9aa791\" id=\"player69ff1cf9aa742\" class=\"h5vp_player h5vp_player_initializer\" data-settings=\"{&quot;options&quot;:{&quot;controls&quot;:[&quot;fullscreen&quot;],&quot;loop&quot;:{&quot;active&quot;:true},&quot;muted&quot;:false,&quot;hideControls&quot;:false,&quot;autoplay&quot;:true,&quot;tooltips&quot;:{&quot;controls&quot;:true,&quot;seek&quot;:true},&quot;resetOnEnd&quot;:true,&quot;captions&quot;:{&quot;active&quot;:true,&quot;update&quot;:true}},&quot;infos&quot;:{&quot;source&quot;:&quot;https:\\\/\\\/transfomax3.333studyo.com\\\/ge\\\/wp-content\\\/uploads\\\/2023\\\/02\\\/Isimsiz-video-\\u2010-Clipchamp-ile-yapildi-5.mp4&quot;,&quot;poster&quot;:false,&quot;skin&quot;:&quot;default&quot;,&quot;pause_other&quot;:false,&quot;id&quot;:0}}\">\n                <video playsinline poster=\"\"  autoplay >\n                    <source src=\"https:\/\/transfomax3.333studyo.com\/ge\/wp-content\/uploads\/2023\/02\/Isimsiz-video-\u2010-Clipchamp-ile-yapildi-5.mp4\" type=\"video\/mp4\">\n                    Your browser does not support the video tag.\n                <\/video>\n            <\/div>\n        <\/div>\n        [\/vc_column_text][\/vc_column][\/vc_row][vc_row full_width=&#8221;stretch_row&#8221; css=&#8221;.vc_custom_1674234327934{padding-bottom: 50px !important;}&#8221;][vc_column][vc_custom_heading text=&#8221;Energie f\u00fcr unsere Zukunft&#8221; font_container=&#8221;tag:h2|text_align:center|line_height:1.2em&#8221; use_theme_fonts=&#8221;yes&#8221; el_class=&#8221;wow fadeInUp delay-200 mf-36&#8243;][\/vc_column][\/vc_row][vc_row full_width=&#8221;stretch_row_content&#8221; equal_height=&#8221;yes&#8221; content_placement=&#8221;middle&#8221; el_class=&#8221;mmb-0&#8243; css=&#8221;.vc_custom_1674804165524{padding-top: 0px !important;padding-right: 0px !important;padding-bottom: 0px !important;padding-left: 0px !important;}&#8221;][vc_column width=&#8221;1\/2&#8243; bg_type=&#8221;bg_color&#8221; bg_solid_color=&#8221;#ffffff&#8221; el_class=&#8221;wow fadeInLeft&#8221; css=&#8221;.vc_custom_1677237478899{padding-top: 0px !important;padding-right: 0px !important;padding-bottom: 0px !important;padding-left: 0px !important;}&#8221;][vc_column_text]         <style>\n             #player69ff1cf9aa742.h5vp_player { width: ; border-radius: ; overflow: hidden; }#player69ff1cf9aaa5d.h5vp_player { width: ; border-radius: ; overflow: hidden; }        <\/style>\n        <div id=\"h5vp_player\">\n            <div data-unique-id=\"69ff1cf9aaa83\" id=\"player69ff1cf9aaa5d\" class=\"h5vp_player h5vp_player_initializer\" data-settings=\"{&quot;options&quot;:{&quot;controls&quot;:[&quot;restart&quot;,&quot;fullscreen&quot;],&quot;loop&quot;:{&quot;active&quot;:true},&quot;muted&quot;:false,&quot;hideControls&quot;:true,&quot;autoplay&quot;:true,&quot;tooltips&quot;:{&quot;controls&quot;:true,&quot;seek&quot;:true},&quot;resetOnEnd&quot;:true,&quot;captions&quot;:{&quot;active&quot;:true,&quot;update&quot;:true}},&quot;infos&quot;:{&quot;source&quot;:&quot;https:\\\/\\\/transfomax3.333studyo.com\\\/ge\\\/wp-content\\\/uploads\\\/2023\\\/02\\\/transfomax-timelapse-2-1.mp4&quot;,&quot;poster&quot;:false,&quot;skin&quot;:&quot;default&quot;,&quot;pause_other&quot;:false,&quot;id&quot;:0}}\">\n                <video playsinline poster=\"\"  autoplay >\n                    <source src=\"https:\/\/transfomax3.333studyo.com\/ge\/wp-content\/uploads\/2023\/02\/transfomax-timelapse-2-1.mp4\" type=\"video\/mp4\">\n                    Your browser does not support the video tag.\n                <\/video>\n            <\/div>\n        <\/div>\n        [\/vc_column_text][\/vc_column][vc_column width=&#8221;1\/2&#8243; css=&#8221;.vc_custom_1675252011457{padding-top: 0px !important;padding-right: 100px !important;padding-bottom: 0px !important;padding-left: 100px !important;}&#8221; offset=&#8221;vc_col-lg-offset-0 vc_col-lg-6 vc_col-md-offset-0 vc_col-md-12 vc_col-sm-offset-0&#8243; el_class=&#8221;mavi&#8221; el_id=&#8221;mavi&#8221;][vc_custom_heading text=&#8221;Denn eine umweltfreundliche, nachhaltige und sparsame Energiezukunft steht im Vordergrund;&#8221; font_container=&#8221;tag:h2|text_align:left|color:%23014894&#8243; use_theme_fonts=&#8221;yes&#8221; el_class=&#8221;wow fadeInRight&#8221;][vc_column_text]<\/p>\n<h1><span style=\"color: #014894;\"><strong>Wir haben ein heiliges Ziel.<\/strong><\/span><\/h1>\n<p>[\/vc_column_text][\/vc_column][\/vc_row][vc_row full_width=&#8221;stretch_row_content_no_spaces&#8221; equal_height=&#8221;yes&#8221; content_placement=&#8221;middle&#8221; el_class=&#8221;mmb-0&#8243;][vc_column width=&#8221;1\/2&#8243; el_class=&#8221;mavi&#8221; css=&#8221;.vc_custom_1674642264776{padding-top: 0px !important;padding-right: 100px !important;padding-bottom: 0px !important;padding-left: 100px !important;}&#8221;][vc_custom_heading text=&#8221;Das Null-Kohlenstoff-Ziel der T\u00fcrkei&#8221; font_container=&#8221;tag:h2|text_align:left|color:%23014894&#8243; use_theme_fonts=&#8221;yes&#8221; el_class=&#8221;wow fadeInRight&#8221;][vc_column_text]<\/p>\n<h1><span style=\"color: #014894;\"><strong>Wir arbeiten daran, einen Beitrag zu leisten.<\/strong><\/span><\/h1>\n<p>[\/vc_column_text][\/vc_column][vc_column width=&#8221;1\/2&#8243; offset=&#8221;vc_col-lg-offset-0 vc_col-lg-6 vc_col-md-offset-0 vc_col-md-12 vc_col-sm-offset-0&#8243; el_class=&#8221;wow fadeInRight mp-30&#8243;][vc_single_image image=&#8221;3555&#8243; img_size=&#8221;full&#8221;][\/vc_column][\/vc_row][vc_row full_width=&#8221;stretch_row_content_no_spaces&#8221; equal_height=&#8221;yes&#8221; content_placement=&#8221;middle&#8221; el_class=&#8221;mmb-0&#8243;][vc_column width=&#8221;1\/2&#8243; el_class=&#8221;wow fadeInLeft&#8221;][vc_single_image image=&#8221;3542&#8243; img_size=&#8221;full&#8221;][\/vc_column][vc_column width=&#8221;1\/2&#8243; offset=&#8221;vc_col-lg-offset-0 vc_col-lg-6 vc_col-md-offset-0 vc_col-md-12 vc_col-sm-offset-0&#8243; el_class=&#8221;mavi&#8221; css=&#8221;.vc_custom_1674565944632{padding-top: 30px !important;padding-right: 100px !important;padding-bottom: 30px !important;padding-left: 100px !important;}&#8221;][vc_custom_heading text=&#8221;Von der Energie der Jugend profitieren;&#8221; font_container=&#8221;tag:h2|text_align:left|color:%23014894&#8243; use_theme_fonts=&#8221;yes&#8221; el_class=&#8221;wow fadeInRight&#8221;][vc_column_text]<\/p>\n<h1><span style=\"color: #014894;\"><strong>Wir werden innerhalb unserer Struktur und mit Stellenangeboten erneuert.<\/strong><\/span><\/h1>\n<p>[\/vc_column_text][\/vc_column][\/vc_row][vc_row full_width=&#8221;stretch_row&#8221; css=&#8221;.vc_custom_1674552846975{padding-top: 50px !important;padding-bottom: 50px !important;}&#8221;][vc_column][vc_custom_heading text=&#8221;Mit 20 Jahren Erfahrung in die Zukunft.&#8221; font_container=&#8221;tag:h2|text_align:center|line_height:1.2em&#8221; use_theme_fonts=&#8221;yes&#8221; el_class=&#8221;wow fadeInUp delay-200 mf-36&#8243;][\/vc_column][\/vc_row][vc_row full_width=&#8221;stretch_row&#8221; bg_type=&#8221;image&#8221; bg_image_new=&#8221;3676&#8243; bg_image_repeat=&#8221;no-repeat&#8221; css=&#8221;.vc_custom_1675503796932{padding-top: 150px !important;padding-bottom: 150px !important;}&#8221;][vc_column width=&#8221;1\/4&#8243;][vc_single_image image=&#8221;4052&#8243; img_size=&#8221;150&#215;150&#8243; alignment=&#8221;center&#8221; css=&#8221;.vc_custom_1679571061316{padding-bottom: 25px !important;}&#8221;][vc_column_text]<\/p>\n<p style=\"text-align: center;\"><span style=\"color: #ffffff;\">LEISTUNG UND VERTEILUNG<\/span><\/p>\n<h4 style=\"text-align: center;\"><span style=\"color: #ffffff;\">TRANSFORMER<\/span><\/h4>\n<p>[\/vc_column_text][line height=&#8221;1px&#8221; width=&#8221;100%&#8221;][vc_column_text css=&#8221;.vc_custom_1682418108322{padding-top: 25px !important;}&#8221;]<\/p>\n<p style=\"text-align: center;\"><span style=\"color: #ffffff;\">Es produziert drei- und einphasige, ge\u00f6lte Transformatoren, die sowohl au\u00dfen als auch innen verwendet werden k\u00f6nnen und f\u00fcr den Dauerbetrieb ausgelegt sind.<\/span><\/p>\n<p>[\/vc_column_text][\/vc_column][vc_column width=&#8221;1\/4&#8243;][vc_single_image image=&#8221;4053&#8243; img_size=&#8221;150&#215;150&#8243; alignment=&#8221;center&#8221; css=&#8221;.vc_custom_1679571070568{padding-bottom: 25px !important;}&#8221;][vc_column_text]<\/p>\n<p style=\"text-align: center;\"><span style=\"color: #ffffff;\">SONDERFERTIGUNG<br \/>\n<\/span><\/p>\n<h4 style=\"text-align: center;\"><span style=\"color: #ffffff;\">TRANSFORMER<\/span><\/h4>\n<p>[\/vc_column_text][line height=&#8221;1px&#8221; width=&#8221;100%&#8221;][vc_column_text css=&#8221;.vc_custom_1682418188539{padding-top: 25px !important;}&#8221;]<\/p>\n<p style=\"text-align: center;\"><span style=\"color: #ffffff;\">Es wird nach unseren Standards entsprechend den Anforderungen unserer Kunden produziert.<\/span><\/p>\n<p>[\/vc_column_text][\/vc_column][vc_column width=&#8221;1\/4&#8243;][vc_single_image image=&#8221;4054&#8243; img_size=&#8221;150&#215;150&#8243; alignment=&#8221;center&#8221; css=&#8221;.vc_custom_1679571078228{padding-bottom: 25px !important;}&#8221;][vc_column_text]<\/p>\n<p style=\"text-align: center;\"><span style=\"color: #ffffff;\">TROCKENER TYP<br \/>\n<\/span><\/p>\n<h4 style=\"text-align: center;\"><span style=\"color: #ffffff;\">TRANSFORMER<\/span><\/h4>\n<p>[\/vc_column_text][line height=&#8221;1px&#8221; width=&#8221;100%&#8221;][vc_column_text css=&#8221;.vc_custom_1682418226201{padding-top: 25px !important;}&#8221;]<\/p>\n<p style=\"text-align: center;\"><span style=\"color: #ffffff;\">Sie sind Transformatoren, die in Verteilungssystemen verwendet werden k\u00f6nnen. Er wird als Abw\u00e4rtstransformator in Industrieanlagen und Sammelverrechnungsstellen eingesetzt.<\/span><\/p>\n<p>[\/vc_column_text][\/vc_column][vc_column width=&#8221;1\/4&#8243;][vc_single_image image=&#8221;4055&#8243; img_size=&#8221;150&#215;150&#8243; alignment=&#8221;center&#8221; css=&#8221;.vc_custom_1679571095384{padding-bottom: 25px !important;}&#8221;][vc_column_text]<\/p>\n<p style=\"text-align: center;\"><span style=\"color: #ffffff;\">\u00d6LSORTE<br \/>\n<\/span><\/p>\n<h4 style=\"text-align: center;\"><span style=\"color: #ffffff;\">TRANSFORMER<\/span><\/h4>\n<p>[\/vc_column_text][line height=&#8221;1px&#8221; width=&#8221;100%&#8221;][vc_column_text css=&#8221;.vc_custom_1682418278995{padding-top: 25px !important;}&#8221;]<\/p>\n<p style=\"text-align: center;\"><span style=\"color: #ffffff;\">\u00d6ltransformatoren sind die Art von Transformatoren, die dank des \u00d6ls die W\u00e4rme im Inneren des Transformators abgeben. Besonders bei hoher Leistung sind \u00f6lige Transformatoren eine gute Option, um das Erw\u00e4rmungsproblem zu vermeiden.<\/span><\/p>\n<p>[\/vc_column_text][\/vc_column][\/vc_row][vc_row full_width=&#8221;stretch_row_content_no_spaces&#8221; equal_height=&#8221;yes&#8221; content_placement=&#8221;middle&#8221; el_class=&#8221;mmb-0&#8243; css=&#8221;.vc_custom_1676382199057{padding-top: 30px !important;}&#8221;][vc_column width=&#8221;1\/2&#8243; el_class=&#8221;wow fadeInLeft&#8221;][vc_single_image image=&#8221;4070&#8243; img_size=&#8221;full&#8221;][\/vc_column][vc_column width=&#8221;1\/2&#8243; offset=&#8221;vc_col-lg-offset-0 vc_col-lg-6 vc_col-md-offset-0 vc_col-md-12 vc_col-sm-offset-0&#8243; el_class=&#8221;wow fadeInRight mp-30&#8243;][vc_single_image image=&#8221;4078&#8243; img_size=&#8221;full&#8221;][\/vc_column][\/vc_row][vc_row full_width=&#8221;stretch_row&#8221; bg_type=&#8221;image&#8221; bg_image_new=&#8221;3667&#8243; bg_image_repeat=&#8221;no-repeat&#8221; css=&#8221;.vc_custom_1675421114483{padding-top: 200px !important;padding-bottom: 200px !important;}&#8221;][vc_column][vc_single_image image=&#8221;3581&#8243; img_size=&#8221;75&#215;75&#8243; alignment=&#8221;center&#8221; css=&#8221;.vc_custom_1675255139458{padding-bottom: 25px !important;}&#8221;][vc_column_text]<\/p>\n<h4 style=\"text-align: center;\"><span style=\"color: #ffffff;\">W\u00e4hrend Transfomax seine Investitionen mit der Philosophie \u201eQualit\u00e4t ist der Schl\u00fcssel zu jeder T\u00fcr\u201c begann, hat es seinen Platz innerhalb der professionellen Arbeitslinie in der Branche durch unser Expertenteam eingenommen, das in der Transformatorproduktion, -wartung und -reparatur zusammengestellt wurde, und unsere F\u00fchrungskr\u00e4fte, die \u00fcber allerlei technisches Equipment verf\u00fcgen.<\/span><\/h4>\n<p>[\/vc_column_text][vc_row_inner css=&#8221;.vc_custom_1679567486279{padding-top: 50px !important;}&#8221;][vc_column_inner width=&#8221;1\/4&#8243;][vc_column_text]<\/p>\n<h4 style=\"text-align: center;\"><span style=\"color: #ffffff;\">&#8211; Sonderanfertigung Transformator<\/span><\/h4>\n<p>[\/vc_column_text][\/vc_column_inner][vc_column_inner width=&#8221;1\/4&#8243;][vc_column_text]<\/p>\n<h4 style=\"text-align: center;\"><span style=\"color: #ffffff;\">&#8211; Fachpersonal vor Ort<\/span><\/h4>\n<p>[\/vc_column_text][\/vc_column_inner][vc_column_inner width=&#8221;1\/4&#8243;][vc_column_text]<\/p>\n<h4 style=\"text-align: center;\"><span style=\"color: #ffffff;\">&#8211; Hohe Qualit\u00e4t und Vertrauen <\/span><\/h4>\n<p>[\/vc_column_text][\/vc_column_inner][vc_column_inner width=&#8221;1\/4&#8243;][vc_column_text]<\/p>\n<h4 style=\"text-align: center;\"><span style=\"color: #ffffff;\">&#8211; Internationale Aktivit\u00e4t<\/span><\/h4>\n<p>[\/vc_column_text][\/vc_column_inner][\/vc_row_inner][\/vc_column][\/vc_row][vc_row css=&#8221;.vc_custom_1674236611655{margin-bottom: 0px !important;padding-top: 50px !important;}&#8221; el_class=&#8221;mpt-30&#8243;][vc_column el_class=&#8221;z-index-01&#8243; css=&#8221;.vc_custom_1468467113759{padding-top: 50px !important;}&#8221;][vc_custom_heading text=&#8221;NEUESTEN NACHRICHTEN&#8221; font_container=&#8221;tag:h2|text_align:center|line_height:1.2em&#8221; use_theme_fonts=&#8221;yes&#8221; el_class=&#8221;wow fadeInUp delay-200 mf-36&#8243;][\/vc_column][\/vc_row][vc_row css=&#8221;.vc_custom_1674236593528{margin-bottom: 0px !important;}&#8221; el_class=&#8221;mpt-30&#8243;][vc_column el_class=&#8221;z-index-01&#8243; css=&#8221;.vc_custom_1468467113759{padding-top: 50px !important;}&#8221;][vc_basic_grid post_type=&#8221;post&#8221; max_items=&#8221;4&#8243; element_width=&#8221;3&#8243; grid_id=&#8221;vc_gid:1682418428650-77e45398-27d9-8&#8243;][\/vc_column][\/vc_row]<\/p>\n<\/section>","protected":false},"excerpt":{"rendered":"<p>[vc_row full_width=&#8221;stretch_row_content_no_spaces&#8221; seperator_enable=&#8221;seperator_enable_value&#8221; seperator_type=&#8221;xlarge_triangle_seperator&#8221; seperator_position=&#8221;bottom_seperator&#8221; seperator_svg_height=&#8221;320&#8243; seperator_svg_bottom=&#8221;-120px&#8221; icon_type=&#8221;selector&#8221; icon=&#8221;none&#8221; css=&#8221;.vc_custom_1675264304299{margin-bottom: 0px !important;padding-top: 0px !important;padding-right: 0px !important;padding-bottom: 0px !important;padding-left: 0px !important;background-position: center !important;background-repeat: no-repeat !important;background-size: cover !important;}&#8221;][vc_column css=&#8221;.vc_custom_1677233603530{padding-top: 0px !important;padding-right: 0px !important;padding-bottom: 0px !important;padding-left: 0px !important;}&#8221;][vc_column_text css=&#8221;.vc_custom_1677666156198{padding-top: 150px !important;}&#8221;][\/vc_column_text][\/vc_column][\/vc_row][vc_row full_width=&#8221;stretch_row&#8221; css=&#8221;.vc_custom_1674234327934{padding-bottom: 50px !important;}&#8221;][vc_column][vc_custom_heading text=&#8221;Energie f\u00fcr unsere Zukunft&#8221; font_container=&#8221;tag:h2|text_align:center|line_height:1.2em&#8221; use_theme_fonts=&#8221;yes&#8221; el_class=&#8221;wow fadeInUp delay-200 mf-36&#8243;][\/vc_column][\/vc_row][vc_row full_width=&#8221;stretch_row_content&#8221; equal_height=&#8221;yes&#8221; content_placement=&#8221;middle&#8221; [&hellip;]<\/p>\n","protected":false},"author":1,"featured_media":0,"parent":0,"menu_order":0,"comment_status":"closed","ping_status":"closed","template":"","meta":{"footnotes":""},"class_list":["post-2867","page","type-page","status-publish","hentry"],"_links":{"self":[{"href":"https:\/\/transfomax3.333studyo.com\/ge\/wp-json\/wp\/v2\/pages\/2867","targetHints":{"allow":["GET"]}}],"collection":[{"href":"https:\/\/transfomax3.333studyo.com\/ge\/wp-json\/wp\/v2\/pages"}],"about":[{"href":"https:\/\/transfomax3.333studyo.com\/ge\/wp-json\/wp\/v2\/types\/page"}],"author":[{"embeddable":true,"href":"https:\/\/transfomax3.333studyo.com\/ge\/wp-json\/wp\/v2\/users\/1"}],"replies":[{"embeddable":true,"href":"https:\/\/transfomax3.333studyo.com\/ge\/wp-json\/wp\/v2\/comments?post=2867"}],"version-history":[{"count":191,"href":"https:\/\/transfomax3.333studyo.com\/ge\/wp-json\/wp\/v2\/pages\/2867\/revisions"}],"predecessor-version":[{"id":4088,"href":"https:\/\/transfomax3.333studyo.com\/ge\/wp-json\/wp\/v2\/pages\/2867\/revisions\/4088"}],"wp:attachment":[{"href":"https:\/\/transfomax3.333studyo.com\/ge\/wp-json\/wp\/v2\/media?parent=2867"}],"curies":[{"name":"wp","href":"https:\/\/api.w.org\/{rel}","templated":true}]}}