{"id":3841,"date":"2023-02-04T14:53:21","date_gmt":"2023-02-04T11:53:21","guid":{"rendered":"https:\/\/transfomax3.333studyo.com\/en\/?page_id=3841"},"modified":"2023-04-24T14:33:18","modified_gmt":"2023-04-24T11:33:18","slug":"career","status":"publish","type":"page","link":"https:\/\/transfomax3.333studyo.com\/en\/career\/","title":{"rendered":"Career"},"content":{"rendered":"<section class=\"wpb-content-wrapper\"><p>[vc_row full_width=&#8221;stretch_row_content&#8221; bg_type=&#8221;bg_color&#8221; bg_solid_color=&#8221;#f5f5f5&#8243; el_class=&#8221;deneme&#8221; css=&#8221;.vc_custom_1675261257589{padding-top: 30px !important;padding-bottom: 15px !important;}&#8221;][vc_column width=&#8221;1\/6&#8243; enable_animation=&#8221;enable_animation_value&#8221; animation_style=&#8221;fadeInLeft&#8221; css=&#8221;.vc_custom_1675259840125{padding-top: 50px !important;padding-bottom: 50px !important;}&#8221;][\/vc_column][vc_column width=&#8221;2\/3&#8243;][vc_single_image image=&#8221;3617&#8243; img_size=&#8221;75&#215;75&#8243; alignment=&#8221;center&#8221; css=&#8221;.vc_custom_1675261192488{padding-bottom: 30px !important;}&#8221;][vc_column_text]<\/p>\n<p style=\"text-align: center;\"><strong>Transfomax was established in \u015eanl\u0131urfa in 2006 to operate in the fields of electricity, engineering, consultancy and contracting.<\/strong><\/p>\n<p style=\"text-align: center;\">While starting its investments with the philosophy of &#8220;Quality is the key to every door&#8221;, it has taken its place in the sector in a professional working line by our expert work team, which has been brought together in transformer production, maintenance and repair, and our management staff with all kinds of technical equipment.<\/p>\n<p>[\/vc_column_text][\/vc_column][vc_column width=&#8221;1\/6&#8243;][\/vc_column][\/vc_row][vc_row css=&#8221;.vc_custom_1675756615253{padding-top: 50px !important;padding-bottom: 50px !important;}&#8221;][vc_column][vc_text_separator title=&#8221;Job application form&#8221;][\/vc_column][\/vc_row][vc_row][vc_column width=&#8221;1\/2&#8243;]\n<div class=\"wpcf7 no-js\" id=\"wpcf7-f3928-o1\" lang=\"tr-TR\" dir=\"ltr\">\n<div class=\"screen-reader-response\"><p role=\"status\" aria-live=\"polite\" aria-atomic=\"true\"><\/p> <ul><\/ul><\/div>\n<form action=\"\/en\/wp-json\/wp\/v2\/pages\/3841#wpcf7-f3928-o1\" method=\"post\" class=\"wpcf7-form init\" aria-label=\"Contact form\" novalidate=\"novalidate\" data-status=\"init\">\n<div style=\"display: none;\">\n<input type=\"hidden\" name=\"_wpcf7\" value=\"3928\" \/>\n<input type=\"hidden\" name=\"_wpcf7_version\" value=\"5.7.7\" \/>\n<input type=\"hidden\" name=\"_wpcf7_locale\" value=\"tr_TR\" \/>\n<input type=\"hidden\" name=\"_wpcf7_unit_tag\" value=\"wpcf7-f3928-o1\" \/>\n<input type=\"hidden\" name=\"_wpcf7_container_post\" value=\"0\" \/>\n<input type=\"hidden\" name=\"_wpcf7_posted_data_hash\" value=\"\" \/>\n<\/div>\n<h3 class=\"b-baslik\">Your Personal Information\n<\/h3>\n<p><strong class=\"baslikk\">your name and your surname*\t<\/strong><br \/>\n<span class=\"wpcf7-form-control-wrap\" data-name=\"your-name\"><input size=\"40\" class=\"wpcf7-form-control wpcf7-text wpcf7-validates-as-required contactinput\" id=\"adiniz\" aria-required=\"true\" aria-invalid=\"false\" value=\"\" type=\"text\" name=\"your-name\" \/><\/span>\n<\/p>\n<p><strong class=\"baslikk\"Date of birth*<\/strong>\t <span class=\"wpcf7-form-control-wrap\" data-name=\"menu-55\"><select class=\"wpcf7-form-control wpcf7-select inputlist\" id=\"dogumtarihigun\" aria-invalid=\"false\" name=\"menu-55\"><option value=\"G\u00fcn\">G\u00fcn<\/option><option value=\"1\">1<\/option><option value=\"2\">2<\/option><option value=\"3\">3<\/option><option value=\"4\">4<\/option><option value=\"5\">5<\/option><option value=\"6\">6<\/option><option value=\"7\">7<\/option><option value=\"8\">8<\/option><option value=\"9\">9<\/option><option value=\"10\">10<\/option><option value=\"11\">11<\/option><option value=\"12\">12<\/option><option value=\"13\">13<\/option><option value=\"14\">14<\/option><option value=\"15\">15<\/option><option value=\"16\">16<\/option><option value=\"17\">17<\/option><option value=\"18\">18<\/option><option value=\"19\">19<\/option><option value=\"20\">20<\/option><option value=\"21\">21<\/option><option value=\"22\">22<\/option><option value=\"23\">23<\/option><option value=\"24\">24<\/option><option value=\"25\">25<\/option><option value=\"26\">26<\/option><option value=\"27\">27<\/option><option value=\"28\">28<\/option><option value=\"29\">29<\/option><option value=\"30\">30<\/option><option value=\"31\">31<\/option><\/select><\/span><span class=\"wpcf7-form-control-wrap\" data-name=\"menu-214\"><select class=\"wpcf7-form-control wpcf7-select inputlist\" id=\"dogumtarihiay\" aria-invalid=\"false\" name=\"menu-214\"><option value=\"Ay\">Ay<\/option><option value=\"Ocak\">Ocak<\/option><option value=\"\u015eubat\">\u015eubat<\/option><option value=\"Mart\">Mart<\/option><option value=\"Nisan\">Nisan<\/option><option value=\"May\u0131s\">May\u0131s<\/option><option value=\"Haziran\">Haziran<\/option><option value=\"Temmuz\">Temmuz<\/option><option value=\"A\u011fustos\">A\u011fustos<\/option><option value=\"Eyl\u00fcl\">Eyl\u00fcl<\/option><option value=\"Ekim\">Ekim<\/option><option value=\"Kas\u0131m\">Kas\u0131m<\/option><option value=\"Aral\u0131k\">Aral\u0131k<\/option><\/select><\/span><span class=\"wpcf7-form-control-wrap\" data-name=\"menu-597\"><select class=\"wpcf7-form-control wpcf7-select wpcf7-validates-as-required inputlist\" id=\"dogumtarihiyil\" aria-required=\"true\" aria-invalid=\"false\" name=\"menu-597\"><option value=\"Y\u0131l\">Y\u0131l<\/option><option value=\"2000\">2000<\/option><option value=\"1999\">1999<\/option><option value=\"1998\">1998<\/option><option value=\"1997\">1997<\/option><option value=\"1996\">1996<\/option><option value=\"1995\">1995<\/option><option value=\"1994\">1994<\/option><option value=\"1993\">1993<\/option><option value=\"1992\">1992<\/option><option value=\"1991\">1991<\/option><option value=\"1990\">1990<\/option><option value=\"1989\">1989<\/option><option value=\"1988\">1988<\/option><option value=\"1987\">1987<\/option><option value=\"1986\">1986<\/option><option value=\"1985\">1985<\/option><option value=\"1984\">1984<\/option><option value=\"1983\">1983<\/option><option value=\"1982\">1982<\/option><option value=\"1981\">1981<\/option><option value=\"1980\">1980<\/option><option value=\"1979\">1979<\/option><option value=\"1978\">1978<\/option><option value=\"1977\">1977<\/option><option value=\"1976\">1976<\/option><option value=\"1975\">1975<\/option><option value=\"1974\">1974<\/option><option value=\"1973\">1973<\/option><option value=\"1972\">1972<\/option><option value=\"1971\">1971<\/option><option value=\"1970\">1970<\/option><option value=\"1969\">1969<\/option><option value=\"1968\">1968<\/option><option value=\"1967\">1967<\/option><option value=\"1966\">1966<\/option><option value=\"1965\">1965<\/option><option value=\"1964\">1964<\/option><option value=\"1963\">1963<\/option><option value=\"1962\">1962<\/option><option value=\"1961\">1961<\/option><option value=\"1960\">1960<\/option><option value=\"1959\">1959<\/option><option value=\"1958\">1958<\/option><option value=\"1957\">1957<\/option><option value=\"1956\">1956<\/option><option value=\"1955\">1955<\/option><option value=\"1954\">1954<\/option><option value=\"1953\">1953<\/option><option value=\"1952\">1952<\/option><option value=\"1951\">1951<\/option><option value=\"1950\">1950<\/option><\/select><\/span><br \/>\n<strong class=\"baslikk\">Place of birth*\t<\/strong><br \/>\n<span class=\"wpcf7-form-control-wrap\" data-name=\"text-943\"><input size=\"40\" class=\"wpcf7-form-control wpcf7-text wpcf7-validates-as-required contactinput\" id=\"dogumyeri\" aria-required=\"true\" aria-invalid=\"false\" value=\"\" type=\"text\" name=\"text-943\" \/><\/span><br \/>\n<strong class=\"baslikk\">TC Identification number*\t<\/strong><br \/>\n<span class=\"wpcf7-form-control-wrap\" data-name=\"text-742\"><input size=\"40\" class=\"wpcf7-form-control wpcf7-text wpcf7-validates-as-required contactinput\" id=\"tckimlik\" aria-required=\"true\" aria-invalid=\"false\" value=\"\" type=\"text\" name=\"text-742\" \/><\/span><br \/>\n<strong class=\"baslikk\">Your Gender*\t<\/strong> <span class=\"wpcf7-form-control-wrap\" data-name=\"menu-598\"><select class=\"wpcf7-form-control wpcf7-select wpcf7-validates-as-required inputlist\" id=\"cinsiyet\" aria-required=\"true\" aria-invalid=\"false\" name=\"menu-598\"><option value=\"Se\u00e7iniz\">Se\u00e7iniz<\/option><option value=\"Man\">Man<\/option><option value=\"Woman\">Woman<\/option><\/select><\/span><br \/>\n<strong class=\"baslikk\">Marital status*\t<\/strong> <span class=\"wpcf7-form-control-wrap\" data-name=\"menu-525\"><select class=\"wpcf7-form-control wpcf7-select wpcf7-validates-as-required inputlist\" id=\"medenihal\" aria-required=\"true\" aria-invalid=\"false\" name=\"menu-525\"><option value=\"Se\u00e7iniz\">Se\u00e7iniz<\/option><option value=\"Bekar\">Bekar<\/option><option value=\"Evli\">Evli<\/option><\/select><\/span><br \/>\n<strong class=\"baslikk\">Driving licence (Tarih ve S\u0131n\u0131f)*<\/strong><br \/>\n<span class=\"wpcf7-form-control-wrap\" data-name=\"text-384\"><input size=\"40\" class=\"wpcf7-form-control wpcf7-text contactinput\" id=\"ehliyet\" aria-invalid=\"false\" value=\"\" type=\"text\" name=\"text-384\" \/><\/span><br \/>\n<strong class=\"baslikk\">Military Status*<\/strong>\t <span class=\"wpcf7-form-control-wrap\" data-name=\"menu-602\"><select class=\"wpcf7-form-control wpcf7-select wpcf7-validates-as-required inputlist\" id=\"askerlik\" aria-required=\"true\" aria-invalid=\"false\" name=\"menu-602\"><option value=\"Se\u00e7iniz\">Se\u00e7iniz<\/option><option value=\"Yap\u0131ld\u0131\">Yap\u0131ld\u0131<\/option><option value=\"Tecilli\">Tecilli<\/option><option value=\"Muaf\">Muaf<\/option><\/select><\/span><br \/>\n<strong class=\"baslikk\">Home address*\t<\/strong><br \/>\n<span class=\"wpcf7-form-control-wrap\" data-name=\"textarea-913\"><textarea cols=\"40\" rows=\"4\" class=\"wpcf7-form-control wpcf7-textarea wpcf7-validates-as-required new-mail\" id=\"evadres\" aria-required=\"true\" aria-invalid=\"false\" name=\"textarea-913\"><\/textarea><\/span><br \/>\n<strong class=\"baslikk\">Phone number<\/strong><br \/>\n<span class=\"wpcf7-form-control-wrap\" data-name=\"text-183\"><input size=\"40\" class=\"wpcf7-form-control wpcf7-text contactinput\" id=\"tel\" aria-invalid=\"false\" value=\"\" type=\"text\" name=\"text-183\" \/><\/span><br \/>\n<strong class=\"baslikk\">GSM Number*\t<\/strong><br \/>\n<span class=\"wpcf7-form-control-wrap\" data-name=\"text-623\"><input size=\"40\" class=\"wpcf7-form-control wpcf7-text wpcf7-validates-as-required contactinput\" id=\"gsm\" aria-required=\"true\" aria-invalid=\"false\" value=\"\" type=\"text\" name=\"text-623\" \/><\/span><br \/>\n<strong class=\"baslikk\">E-mail Adress*\t<\/strong><br \/>\n<span class=\"wpcf7-form-control-wrap\" data-name=\"your-email\"><input size=\"40\" class=\"wpcf7-form-control wpcf7-text wpcf7-email wpcf7-validates-as-required wpcf7-validates-as-email contactinput\" id=\"email\" aria-required=\"true\" aria-invalid=\"false\" value=\"\" type=\"email\" name=\"your-email\" \/><\/span><br \/>\n<strong class=\"baslikk\">Your Blood Type<\/strong><br \/>\n<span class=\"wpcf7-form-control-wrap\" data-name=\"text-205\"><input size=\"40\" class=\"wpcf7-form-control wpcf7-text contactinput\" id=\"kangrubu\" aria-invalid=\"false\" value=\"\" type=\"text\" name=\"text-205\" \/><\/span><br \/>\n<\/strong>\n<\/p>\n<h3 class=\"b-baslik\">Educational Status and Professional Information\n<\/h3>\n<p><strong class=\"baslikk\">Your education status<\/strong><span class=\"wpcf7-form-control-wrap\" data-name=\"menu-392\"><select class=\"wpcf7-form-control wpcf7-select wpcf7-validates-as-required inputlist\" id=\"ogrenimdurum\" aria-required=\"true\" aria-invalid=\"false\" name=\"menu-392\"><option value=\"Se\u00e7iniz\">Se\u00e7iniz<\/option><option value=\"\u0130lkokul\">\u0130lkokul<\/option><option value=\"Ortaokul\">Ortaokul<\/option><option value=\"Lise\">Lise<\/option><option value=\"Y\u00fcksek Okul\">Y\u00fcksek Okul<\/option><option value=\"\u00dcniversite\">\u00dcniversite<\/option><option value=\"Y\u00fcksek Lisans\">Y\u00fcksek Lisans<\/option><\/select><\/span>\n<\/p>\n<p><strong class=\"baslikk\">Name of the last school you graduated from\t<\/strong><br \/>\n<span class=\"wpcf7-form-control-wrap\" data-name=\"text-479\"><input size=\"40\" class=\"wpcf7-form-control wpcf7-text contactinput\" id=\"ensonbitenokul\" aria-invalid=\"false\" value=\"\" type=\"text\" name=\"text-479\" \/><\/span><br \/>\n<strong class=\"baslikk\">Your job<\/strong><br \/>\n<span class=\"wpcf7-form-control-wrap\" data-name=\"text-708\"><input size=\"40\" class=\"wpcf7-form-control wpcf7-text contactinput\" id=\"mesleginiz\" aria-invalid=\"false\" value=\"\" type=\"text\" name=\"text-708\" \/><\/span><br \/>\n<strong class=\"baslikk\">Foreign language you know<\/strong><br \/>\n<span class=\"wpcf7-form-control-wrap\" data-name=\"text-424\"><input size=\"40\" class=\"wpcf7-form-control wpcf7-text contactinput\" id=\"yabancidil\" aria-invalid=\"false\" value=\"\" type=\"text\" name=\"text-424\" \/><\/span><br \/>\n<strong class=\"baslikk\">Department you want to work in\t<\/strong><br \/>\n<span class=\"wpcf7-form-control-wrap\" data-name=\"text-369\"><input size=\"40\" class=\"wpcf7-form-control wpcf7-text contactinput\" id=\"calismakistenilenbolum\" aria-invalid=\"false\" value=\"\" type=\"text\" name=\"text-369\" \/><\/span><br \/>\n<strong class=\"baslikk\">The date you can start\t<\/strong><br \/>\n<span class=\"wpcf7-form-control-wrap\" data-name=\"text-0\"><input size=\"40\" class=\"wpcf7-form-control wpcf7-text contactinput\" id=\"baslangictarihi\" aria-invalid=\"false\" value=\"\" type=\"text\" name=\"text-0\" \/><\/span>\n<\/p>\n<h3 class=\"b-baslik\">Your Work Experiences\n<\/h3>\n<p><strong class=\"baslikk\">Last business name\t<\/strong><br \/>\n<span class=\"wpcf7-form-control-wrap\" data-name=\"text-145\"><input size=\"40\" class=\"wpcf7-form-control wpcf7-text contactinput\" id=\"isyeriadi\" aria-invalid=\"false\" value=\"\" type=\"text\" name=\"text-145\" \/><\/span><br \/>\n<strong class=\"baslikk\">Your Mission<\/strong><br \/>\n<span class=\"wpcf7-form-control-wrap\" data-name=\"text-222\"><input size=\"40\" class=\"wpcf7-form-control wpcf7-text contactinput\" id=\"gorevi\" aria-invalid=\"false\" value=\"\" type=\"text\" name=\"text-222\" \/><\/span><br \/>\n<strong class=\"baslikk\">Br\u00fct \u00dccret\t<\/strong><br \/>\n<span class=\"wpcf7-form-control-wrap\" data-name=\"text-447\"><input size=\"40\" class=\"wpcf7-form-control wpcf7-text contactinput\" id=\"ucret\" aria-invalid=\"false\" value=\"\" type=\"text\" name=\"text-447\" \/><\/span><br \/>\n<strong class=\"baslikk\">Study Period\t<\/strong><br \/>\n<span class=\"wpcf7-form-control-wrap\" data-name=\"text-491\"><input size=\"40\" class=\"wpcf7-form-control wpcf7-text contactinput\" id=\"calismadonemi\" aria-invalid=\"false\" value=\"\" type=\"text\" name=\"text-491\" \/><\/span><br \/>\n<strong class=\"baslikk\">Reason for Departure\t<\/strong><br \/>\n<span class=\"wpcf7-form-control-wrap\" data-name=\"text-650\"><input size=\"40\" class=\"wpcf7-form-control wpcf7-text contactinput\" id=\"ayrilisnedeni\" aria-invalid=\"false\" value=\"\" type=\"text\" name=\"text-650\" \/><\/span>\n<\/p>\n<h3 class=\"b-baslik\">Hakk\u0131n\u0131zda Bilgi Alabilece\u011fimiz Ki\u015filer\n<\/h3>\n<p><strong class=\"baslikk\">Name and surname\t<\/strong><br \/>\n<span class=\"wpcf7-form-control-wrap\" data-name=\"text-733\"><input size=\"40\" class=\"wpcf7-form-control wpcf7-text contactinput\" id=\"refadsoyad\" aria-invalid=\"false\" value=\"\" type=\"text\" name=\"text-733\" \/><\/span><br \/>\n<strong class=\"baslikk\">Adress\t<\/strong><br \/>\n<span class=\"wpcf7-form-control-wrap\" data-name=\"textarea-205\"><textarea cols=\"40\" rows=\"4\" class=\"wpcf7-form-control wpcf7-textarea new-mail\" id=\"refadres\" aria-invalid=\"false\" name=\"textarea-205\"><\/textarea><\/span><br \/>\n<strong class=\"baslikk\">Phone<\/strong><br \/>\n<span class=\"wpcf7-form-control-wrap\" data-name=\"text-726\"><input size=\"40\" class=\"wpcf7-form-control wpcf7-text contactinput\" id=\"reftel\" aria-invalid=\"false\" value=\"\" type=\"text\" name=\"text-726\" \/><\/span><br \/>\n<strong class=\"baslikk\">Mission<\/strong><br \/>\n<span class=\"wpcf7-form-control-wrap\" data-name=\"text-820\"><input size=\"40\" class=\"wpcf7-form-control wpcf7-text contactinput\" id=\"refgorevi\" aria-invalid=\"false\" value=\"\" type=\"text\" name=\"text-820\" \/><\/span>\n<\/p>\n<hr \/>\n<center>\n\t<p><input class=\"wpcf7-form-control has-spinner wpcf7-submit\" type=\"submit\" value=\"Send\" \/>\n\t<\/p>\n<\/center><div class=\"wpcf7-response-output\" aria-hidden=\"true\"><\/div>\n<\/form>\n<\/div>\n[\/vc_column][vc_column width=&#8221;1\/2&#8243;][vc_column_text]You can apply for a job in our company by using the human resources form on the side.[\/vc_column_text][\/vc_column][\/vc_row]<\/p>\n<\/section>","protected":false},"excerpt":{"rendered":"<p>[vc_row full_width=&#8221;stretch_row_content&#8221; bg_type=&#8221;bg_color&#8221; bg_solid_color=&#8221;#f5f5f5&#8243; el_class=&#8221;deneme&#8221; css=&#8221;.vc_custom_1675261257589{padding-top: 30px !important;padding-bottom: 15px !important;}&#8221;][vc_column width=&#8221;1\/6&#8243; enable_animation=&#8221;enable_animation_value&#8221; animation_style=&#8221;fadeInLeft&#8221; css=&#8221;.vc_custom_1675259840125{padding-top: 50px !important;padding-bottom: 50px !important;}&#8221;][\/vc_column][vc_column width=&#8221;2\/3&#8243;][vc_single_image image=&#8221;3617&#8243; img_size=&#8221;75&#215;75&#8243; alignment=&#8221;center&#8221; css=&#8221;.vc_custom_1675261192488{padding-bottom: 30px !important;}&#8221;][vc_column_text] Transfomax was established in \u015eanl\u0131urfa in 2006 to operate in the fields of electricity, engineering, consultancy and contracting. While starting its investments with the philosophy of &#8220;Quality is the key [&hellip;]<\/p>\n","protected":false},"author":1,"featured_media":0,"parent":0,"menu_order":0,"comment_status":"closed","ping_status":"closed","template":"","meta":{"footnotes":""},"class_list":["post-3841","page","type-page","status-publish","hentry"],"_links":{"self":[{"href":"https:\/\/transfomax3.333studyo.com\/en\/wp-json\/wp\/v2\/pages\/3841","targetHints":{"allow":["GET"]}}],"collection":[{"href":"https:\/\/transfomax3.333studyo.com\/en\/wp-json\/wp\/v2\/pages"}],"about":[{"href":"https:\/\/transfomax3.333studyo.com\/en\/wp-json\/wp\/v2\/types\/page"}],"author":[{"embeddable":true,"href":"https:\/\/transfomax3.333studyo.com\/en\/wp-json\/wp\/v2\/users\/1"}],"replies":[{"embeddable":true,"href":"https:\/\/transfomax3.333studyo.com\/en\/wp-json\/wp\/v2\/comments?post=3841"}],"version-history":[{"count":10,"href":"https:\/\/transfomax3.333studyo.com\/en\/wp-json\/wp\/v2\/pages\/3841\/revisions"}],"predecessor-version":[{"id":4108,"href":"https:\/\/transfomax3.333studyo.com\/en\/wp-json\/wp\/v2\/pages\/3841\/revisions\/4108"}],"wp:attachment":[{"href":"https:\/\/transfomax3.333studyo.com\/en\/wp-json\/wp\/v2\/media?parent=3841"}],"curies":[{"name":"wp","href":"https:\/\/api.w.org\/{rel}","templated":true}]}}